{"id":795,"date":"2025-01-09T15:51:14","date_gmt":"2025-01-09T15:51:14","guid":{"rendered":"https:\/\/eeze.com\/?page_id=795"},"modified":"2025-09-14T10:21:23","modified_gmt":"2025-09-14T10:21:23","slug":"slots","status":"publish","type":"page","link":"https:\/\/eeze.com\/vi\/slots\/","title":{"rendered":"Kh\u00e1m ph\u00e1 s\u1ef1 h\u1ea5p d\u1eabn c\u1ee7a Eeze Slot"},"content":{"rendered":"<div class=\"lazyblock-main-hero-28iTxP wp-block-lazyblock-main-hero\"><section class=\"wrap wrap--main overlay--hidden\" id=\"post-795\">\n    <div class=\"container\">\n        <div class=\"main\">\n            <div class=\"main__left\">\n                                \n                            <\/div>\n        <\/div>\n        <div class=\"scroll-action\">\n            <a href=\"#second\" class=\"scroll-action__link\">\n                <svg width=\"27\" height=\"40\" viewbox=\"0 0 27 40\" fill=\"none\" xmlns=\"http:\/\/www.w3.org\/2000\/svg\">\n                    <path fill-rule=\"evenodd\" clip-rule=\"evenodd\" d=\"M22.1426 28V12C22.1426 7.02944 18.1131 3 13.1426 3C8.17202 3 4.14258 7.02944 4.14258 12V28C4.14258 32.9706 8.17202 37 13.1426 37C18.1131 37 22.1426 32.9706 22.1426 28ZM13.1426 0C6.51516 0 1.14258 5.37258 1.14258 12V28C1.14258 34.6274 6.51516 40 13.1426 40C19.77 40 25.1426 34.6274 25.1426 28V12C25.1426 5.37258 19.77 0 13.1426 0Z\" fill=\"white\" \/>\n                    <path fill-rule=\"evenodd\" clip-rule=\"evenodd\" d=\"M13.1426 6.57141C14.2471 6.57141 15.1426 7.46684 15.1426 8.57141V14.2857C15.1426 15.3903 14.2471 16.2857 13.1426 16.2857C12.038 16.2857 11.1426 15.3903 11.1426 14.2857V8.57141C11.1426 7.46684 12.038 6.57141 13.1426 6.57141Z\" fill=\"white\" class=\"slide\" \/>\n                <\/svg>\n                <span>CU\u1ed8N<\/span>\n            <\/a>\n        <\/div>\n    <\/div>\n\n    <div class=\"wp-block-video aos-zoom-out aos-init aos-animate\" data-aos=\"zoom-out\">\n        <video autoplay=\"\" loop=\"\" muted=\"\" src=\"https:\/\/eeze.com\/wp-content\/uploads\/2025\/01\/EezeSlot.mp4\" playsinline=\"\">\n        <\/video>\n    <\/div>\n\n<\/section><\/div>\n\n<div class=\"lazyblock-gamification-what-Z1Qbvbb wp-block-lazyblock-gamification-what\">\n<style>\n@media only screen and (min-width: 1000px) {\n  #second h2 {\n    font-weight: 300;\n    font-size: 64px;\n    line-height: 112%;\n    font-style: italic;\n    text-align: center;\n    max-width: 66%;\n    margin: 0 auto;\n    padding-bottom: 56px;\n  }\n  \n  #second p {\n    max-width: 750px;\n    margin: 0 auto;\n    text-align: center;\n    font-size: 18px;\n    line-height: 36px;\n  }\n}\n<\/style>\n<section class=\"wrap wrap--inline-content wrap--wh-bg\" id=\"second\">\n    <div class=\"container\">\n        <div class=\"inline-content\" style=\"flex-direction: column;\">\n            <div class=\"\">\n                <h2>T\u00ednh n\u0103ng h\u1ea5p d\u1eabn khi\u1ebfn b\u1ea1n quay m\u1ea1i<\/h2>\n            <\/div>\n            <div class=\"\">\n                <p>C\u00e1c tr\u00f2 quay s\u1ed1 c\u1ee7a ch\u00fang t\u00f4i \u0111\u01b0\u1ee3c thi\u1ebft k\u1ebf nh\u1eb1m mang \u0111\u1ebfn ph\u1ea1m vi tr\u1ea3i nghi\u1ec7m \u0111a d\u1ea1ng, \u0111\u00e1p \u1ee9ng m\u1ecdi s\u1edf th\u00edch c\u1ee7a ng\u01b0\u1eddi ch\u01a1i.\nV\u1edbi l\u1ed1i ch\u01a1i ph\u1ea5n kh\u00edch, ti\u1ec1m n\u0103ng th\u1eafng to v\u00e0 m\u00f4 h\u00ecnh to\u00e1n h\u1ecdc s\u00e1ng t\u1ea1o, t\u1eebng l\u01b0\u1ee3t quay \u0111\u01b0\u1ee3c thi\u1ebft k\u1ebf \u0111\u1ec3 mang \u0111\u1ebfn s\u1ef1 h\u1ea5p d\u1eabn t\u1ed1i \u0111a.\nCh\u00fang t\u00f4i ph\u1ed1i h\u1ee3p ch\u1eb7t ch\u1ebd v\u1edbi c\u00e1c \u0111\u1ed1i t\u00e1c \u0111\u1ec3 t\u1ea1o ra tr\u1ea3i nghi\u1ec7m d\u00e0nh ri\u00eang, th\u00fac \u0111\u1ea9y th\u00e0nh c\u00f4ng.<\/p>            <\/div>\n        <\/div>\n    <\/div>\n<\/section>\n<\/div>\n\n<div class=\"lazyblock-gamification-explore-2tDYiO wp-block-lazyblock-gamification-explore\">\n<style>\n@media only screen and (min-width: 1000px) {\n  .wrap--services .title h2 {    \n    font-weight: 300;\n    font-size: 56px;\n    line-height: 112%;\n    font-style: italic;\n    text-align: center;\n    max-width: 66%;\n    margin: 0 auto;\n    padding-bottom: 0;\n    \n  }\n  .wrap--services .services__title h3 {\n    font-size: 30px;\n    line-height: 125%;\n  }\n  \n  .wrap--services .services__title {\n    margin-bottom: 18px;\n  }\n  .wrap--services .title {\n     margin-bottom: 41px;\n  }\n   \n   .services__content {\n       max-width: 90%;\n   }\n  \n}\n<\/style>\n\n<section class=\"wrap wrap--services\">\n    <div class=\"container\">\n        <div class=\"title\">\n            <h2>N\u00e2ng cao tr\u1ea3i nghi\u1ec7m gi\u1ea3i tr\u00ed<\/h2>\n        <\/div>\n        <div class=\"services\">\n                        <div class=\"services__item\">\n                <div class=\"services__title\">\n                    <h3>M\u1edf kh\u00f3a jackpot kh\u1ee7ng &amp; ph\u1ea7n th\u01b0\u1edfng h\u1ea5p d\u1eabn<\/h3>\n                    <picture><img decoding=\"async\" src=\"https:\/\/eeze.com\/wp-content\/uploads\/2025\/03\/Bonus.svg\" class=\"attachment-full size-full\" alt=\"\" \/><\/picture>                <\/div>\n                <div class=\"services__content\">\n                    <p>Ti\u1ec1n th\u1eafng l\u1edbn ch\u1edd \u0111\u1ee3i \u1edf m\u1ecdi tr\u00f2 ch\u01a1i!\nC\u00e1c tr\u00f2 quay s\u1ed1 c\u1ee7a ch\u00fang t\u00f4i c\u00f3 c\u1ea3 jackpot l\u0169y ti\u1ebfn l\u1edbn l\u00ean theo t\u1eebng l\u01b0\u1ee3t quay v\u00e0 jackpot c\u1ed1 \u0111\u1ecbnh d\u00e0nh cho nh\u1eefng ai \u01b0a th\u00edch ph\u1ea7n th\u01b0\u1edfng d\u1ec5 d\u1ef1 \u0111o\u00e1n h\u01a1n. M\u1ed7i kho\u1ea3nh kh\u1eafc \u0111\u1ec3 quay l\u00e0 m\u1ed9t c\u01a1 h\u1ed9i tr\u00fang jackpot!<\/p>                <\/div>\n            <\/div>\n                        <div class=\"services__item\">\n                <div class=\"services__title\">\n                    <h3>Tr\u00f2 ch\u01a1i h\u00f3a (ho\u1ea1t \u0111\u1ed9ng tr\u00ean n\u1ec1n t\u1ea3ng Eeze+)<\/h3>\n                    <picture><img decoding=\"async\" src=\"https:\/\/eeze.com\/wp-content\/uploads\/2025\/01\/Icon_Eeze-Plus.svg\" class=\"attachment-full size-full\" alt=\"\" \/><\/picture>                <\/div>\n                <div class=\"services__content\">\n                    <p>C\u00e1c t\u00ednh n\u0103ng tr\u00f2 ch\u01a1i h\u00f3a su\u00f4n s\u1ebb c\u1ee7a ch\u00fang t\u00f4i bi\u1ebfn m\u1ecdi tr\u00f2 quay s\u1ed1 th\u00e0nh m\u1ed9t tr\u1ea3i nghi\u1ec7m khuy\u1ebfn m\u00e3i v\u00e0 th\u00fac \u0111\u1ea9y s\u1ef1 trung th\u00e0nh. T\u1eeb b\u1ea3ng x\u1ebfp h\u1ea1ng \u0111\u1ebfn nhi\u1ec7m v\u1ee5, nh\u1eefng c\u00f4ng c\u1ee5 n\u00e0y thu h\u00fat ng\u01b0\u1eddi ch\u01a1i quay l\u1ea1i ch\u01a1i th\u00eam, \u0111\u1ed3ng th\u1eddi gi\u00fap nh\u00e0 v\u1eadn h\u00e0nh t\u0103ng c\u01b0\u1eddng m\u1ee9c \u0111\u1ed9 gi\u1eef ch\u00e2n ng\u01b0\u1eddi ch\u01a1i v\u00e0 x\u00e2y d\u1ef1ng c\u1ed9ng \u0111\u1ed3ng v\u1eefng m\u1ea1nh, sinh \u0111\u1ed9ng.<\/p>                <\/div>\n            <\/div>\n                        <div class=\"services__item\">\n                <div class=\"services__title\">\n                    <h3>N\u1ed9i dung b\u1ea3n \u0111\u1ecba h\u00f3a<\/h3>\n                    <picture><img decoding=\"async\" src=\"https:\/\/eeze.com\/wp-content\/uploads\/2025\/03\/Localised-Content.svg\" class=\"attachment-full size-full\" alt=\"\" \/><\/picture>                <\/div>\n                <div class=\"services__content\">\n                    <p>Ch\u00fang t\u00f4i giao ti\u1ebfp tr\u1ef1c ti\u1ebfp v\u1edbi ng\u01b0\u1eddi ch\u01a1i b\u1ea5t k\u1ec3 h\u1ecd \u1edf \u0111\u00e2u. V\u1edbi ch\u1ee7 \u0111\u1ec1 v\u00e0 ng\u00f4n ng\u1eef \u0111i\u1ec1u ch\u1ec9nh, tr\u00f2 ch\u01a1i t\u1ea1o ra c\u1ea3m gi\u00e1c th\u00e2n thu\u1ed9c, \u0111\u1ed3ng th\u1eddi gi\u00fap nh\u00e0 v\u1eadn h\u00e0nh m\u1edf ra th\u1ecb tr\u01b0\u1eddng m\u1edbi d\u1ec5 d\u00e0ng.<\/p>                <\/div>\n            <\/div>\n                        <div class=\"services__item\">\n                <div class=\"services__title\">\n                    <h3>Mua T\u00ednh n\u0103ng<\/h3>\n                    <picture><img decoding=\"async\" src=\"https:\/\/eeze.com\/wp-content\/uploads\/2025\/03\/Buy-Features.svg\" class=\"attachment-full size-full\" alt=\"\" \/><\/picture>                <\/div>\n                <div class=\"services__content\">\n                    <p>Ch\u00fang t\u00f4i gi\u1edbi thi\u1ec7u T\u00ednh n\u0103ng Mua, cho ph\u00e9p ng\u01b0\u1eddi ch\u01a1i ngay l\u1eadp t\u1ee9c \u0111i v\u00e0o tr\u1ecdng t\u00e2m c\u1ee7a h\u00e0nh \u0111\u1ed9ng. Ph\u1ed5 bi\u1ebfn v\u1edbi nh\u1eefng ng\u01b0\u1eddi ch\u01a1i th\u00edch v\u00f2ng quay bi\u1ebfn \u0111\u1ed9ng h\u01a1n.<\/p>                <\/div>\n            <\/div>\n                    <\/div>\n    <\/div>\n<\/section>\n<\/div>\n\n<div class=\"lazyblock-home-ready-1gpwFh aos-fade wp-block-lazyblock-home-ready\"><section class=\"wrap wrap--ready wrap--purple wrap--no-top-bg\" >\n    <div class=\"container\">\n        <div class=\"ready\">\n            <div class=\"ready__left\">\n                <h2>\u0110\u00e3 c\u00f3 khe c\u1eafm \u1edf \u0111\u00e2y!<\/h2>\n                <p>Quay v\u00f2ng, gi\u00e0nh chi\u1ebfn th\u1eafng.<\/p>                             <\/div>\n            <div class=\"ready__right\">\n               <picture>\n      <source srcset=\"https:\/\/eeze.com\/wp-content\/uploads\/2025\/03\/Slots.png\" media=\"(min-width: 767px)\">\n    <img decoding=\"async\" src=\"https:\/\/eeze.com\/wp-content\/uploads\/2025\/03\/Slots_mobile.png\">\n<\/picture>\n            <\/div>\n        <\/div>\n    <\/div>\n<\/section>\n<\/div>","protected":false},"excerpt":{"rendered":"","protected":false},"author":1,"featured_media":0,"parent":0,"menu_order":0,"comment_status":"closed","ping_status":"closed","template":"inc\/product.php","meta":{"footnotes":""},"class_list":["post-795","page","type-page","status-publish","hentry"],"acf":[],"_links":{"self":[{"href":"https:\/\/eeze.com\/vi\/wp-json\/wp\/v2\/pages\/795","targetHints":{"allow":["GET"]}}],"collection":[{"href":"https:\/\/eeze.com\/vi\/wp-json\/wp\/v2\/pages"}],"about":[{"href":"https:\/\/eeze.com\/vi\/wp-json\/wp\/v2\/types\/page"}],"author":[{"embeddable":true,"href":"https:\/\/eeze.com\/vi\/wp-json\/wp\/v2\/users\/1"}],"replies":[{"embeddable":true,"href":"https:\/\/eeze.com\/vi\/wp-json\/wp\/v2\/comments?post=795"}],"version-history":[{"count":21,"href":"https:\/\/eeze.com\/vi\/wp-json\/wp\/v2\/pages\/795\/revisions"}],"predecessor-version":[{"id":1162,"href":"https:\/\/eeze.com\/vi\/wp-json\/wp\/v2\/pages\/795\/revisions\/1162"}],"wp:attachment":[{"href":"https:\/\/eeze.com\/vi\/wp-json\/wp\/v2\/media?parent=795"}],"curies":[{"name":"wp","href":"https:\/\/api.w.org\/{rel}","templated":true}]}}