{"id":78,"date":"2024-07-13T09:57:32","date_gmt":"2024-07-13T09:57:32","guid":{"rendered":"https:\/\/eeze.com\/?page_id=78"},"modified":"2025-08-14T10:13:50","modified_gmt":"2025-08-14T10:13:50","slug":"contact-us","status":"publish","type":"page","link":"https:\/\/eeze.com\/vi\/contact-us\/","title":{"rendered":"Li\u00ean l\u1ea1c v\u1edbi ch\u00fang t\u00f4i"},"content":{"rendered":"<div class=\"lazyblock-contacts-data-ZSiMlM aos-fade wp-block-lazyblock-contacts-data\"><section class=\"wrap wrap--contacts wrap--purple-reverse\">\r\n    <div class=\"container\">\r\n        <div class=\"contacts\">\r\n                        <a href=\"mailto:sales@eeze.com\" class=\"contacts__item\">\r\n                <div class=\"contacts__title\">KINH DOANH<\/div>\r\n                <div class=\"contacts__content\">sales@eeze.com<\/div>\r\n            <\/a>\r\n                        <a href=\"mailto:livejobs@eeze.com\" class=\"contacts__item\">\r\n                <div class=\"contacts__title\">CAREERS<\/div>\r\n                <div class=\"contacts__content\">livejobs@eeze.com<\/div>\r\n            <\/a>\r\n                    <\/div>\r\n        <div class=\"title title--center\">\r\n            <h2>H\u00e3y\u00a0<span>c\u00f9ng\u00a0<\/span>ch\u01a1i.<\/h2>\r\n        <\/div>\r\n    <\/div>\r\n<\/section><\/div>\n\n<div class=\"lazyblock-contacts-text-Z2dfLzo aos-fade wp-block-lazyblock-contacts-text\"><div class=\"wrap wrap--play\">\r\n    <div class=\"container\">\r\n        <div class=\"play\">\r\n            <p>Eeze Entertainment Limited is an independent and innovative iGaming platform provider with a global presence. Headquartered on the beautiful island of Malta, which is widely recognized as Europe&#8217;s primary gaming hub, we also maintain key operational offices in London and Romania. Our dedicated team of over 400 professionals is committed to developing and delivering cutting-edge gaming solutions for our partners worldwide. Our Malta address is as follows:<\/p>\n<p>CENTRAL BUSINESS DISTRICT AG BUILDING, TRIQ L-IMDINA ZONE 2, Birkirkara CBD 201, Malta<\/p>            <div class=\"companies\">\r\n                                <div class=\"companies__item\">\r\n                    <picture  class=\"companies__img\"><img decoding=\"async\" src=\"https:\/\/eeze.com\/wp-content\/uploads\/2025\/08\/logo-dark.svg\" class=\"attachment-full size-full\" alt=\"\" \/><\/picture>                <\/div>\r\n                            <\/div>\r\n        <\/div>\r\n    <\/div>\r\n<\/div>\r\n<\/div>","protected":false},"excerpt":{"rendered":"<p>Ch\u00fang t\u00f4i tin r\u1eb1ng m\u1ecdi t\u01b0\u01a1ng t\u00e1c \u0111\u1ec1u l\u00e0 c\u01a1 h\u1ed9i \u0111\u1ec3 \u0111\u1ed5i m\u1edbi, h\u1ee3p t\u00e1c v\u00e0 ph\u00e1t tri\u1ec3n tr\u00f2 ch\u01a1i xu\u1ea5t s\u1eafc.<\/p>","protected":false},"author":1,"featured_media":0,"parent":0,"menu_order":0,"comment_status":"closed","ping_status":"closed","template":"inc\/contacts.php","meta":{"footnotes":""},"class_list":["post-78","page","type-page","status-publish","hentry"],"acf":[],"_links":{"self":[{"href":"https:\/\/eeze.com\/vi\/wp-json\/wp\/v2\/pages\/78","targetHints":{"allow":["GET"]}}],"collection":[{"href":"https:\/\/eeze.com\/vi\/wp-json\/wp\/v2\/pages"}],"about":[{"href":"https:\/\/eeze.com\/vi\/wp-json\/wp\/v2\/types\/page"}],"author":[{"embeddable":true,"href":"https:\/\/eeze.com\/vi\/wp-json\/wp\/v2\/users\/1"}],"replies":[{"embeddable":true,"href":"https:\/\/eeze.com\/vi\/wp-json\/wp\/v2\/comments?post=78"}],"version-history":[{"count":30,"href":"https:\/\/eeze.com\/vi\/wp-json\/wp\/v2\/pages\/78\/revisions"}],"predecessor-version":[{"id":1099,"href":"https:\/\/eeze.com\/vi\/wp-json\/wp\/v2\/pages\/78\/revisions\/1099"}],"wp:attachment":[{"href":"https:\/\/eeze.com\/vi\/wp-json\/wp\/v2\/media?parent=78"}],"curies":[{"name":"wp","href":"https:\/\/api.w.org\/{rel}","templated":true}]}}