{"id":31,"date":"2024-07-11T13:39:59","date_gmt":"2024-07-11T13:39:59","guid":{"rendered":"https:\/\/eeze.com\/?page_id=31"},"modified":"2026-01-30T15:27:25","modified_gmt":"2026-01-30T15:27:25","slug":"home","status":"publish","type":"page","link":"https:\/\/eeze.com\/vi\/","title":{"rendered":"Tr\u00f2 Ch\u01a1i Casino Tr\u1ef1c Ti\u1ebfp Eeze"},"content":{"rendered":"<div class=\"lazyblock-main-hero-1CCqvb wp-block-lazyblock-main-hero\"><section class=\"wrap wrap--main overlay--hidden\" id=\"post-31\">\n    <div class=\"container\">\n        <div class=\"main\">\n            <div class=\"main__left\">\n                                    <h1>Tr\u00f2 Ch\u01a1i Casino Tr\u1ef1c Ti\u1ebfp Eeze<\/h1>\n                                                    <div>Kh\u00e1m ph\u00e1 c\u00e1c gi\u1ea3i ph\u00e1p casino tr\u1ef1c ti\u1ebfp ti\u00ean ti\u1ebfn c\u1ee7a ch\u00fang t\u00f4i.<\/div>\n                \n                                    <a href=\"https:\/\/eeze.com\/vi\/live-casino-solutions\/\" class=\"btn\" target=\"_blank\">T\u00ccM HI\u1ec2U TH\u00caM<\/a>\n                            <\/div>\n        <\/div>\n        <div class=\"scroll-action\">\n            <a href=\"#second\" class=\"scroll-action__link\">\n                <svg width=\"27\" height=\"40\" viewbox=\"0 0 27 40\" fill=\"none\" xmlns=\"http:\/\/www.w3.org\/2000\/svg\">\n                    <path fill-rule=\"evenodd\" clip-rule=\"evenodd\" d=\"M22.1426 28V12C22.1426 7.02944 18.1131 3 13.1426 3C8.17202 3 4.14258 7.02944 4.14258 12V28C4.14258 32.9706 8.17202 37 13.1426 37C18.1131 37 22.1426 32.9706 22.1426 28ZM13.1426 0C6.51516 0 1.14258 5.37258 1.14258 12V28C1.14258 34.6274 6.51516 40 13.1426 40C19.77 40 25.1426 34.6274 25.1426 28V12C25.1426 5.37258 19.77 0 13.1426 0Z\" fill=\"white\" \/>\n                    <path fill-rule=\"evenodd\" clip-rule=\"evenodd\" d=\"M13.1426 6.57141C14.2471 6.57141 15.1426 7.46684 15.1426 8.57141V14.2857C15.1426 15.3903 14.2471 16.2857 13.1426 16.2857C12.038 16.2857 11.1426 15.3903 11.1426 14.2857V8.57141C11.1426 7.46684 12.038 6.57141 13.1426 6.57141Z\" fill=\"white\" class=\"slide\" \/>\n                <\/svg>\n                <span>CU\u1ed8N<\/span>\n            <\/a>\n        <\/div>\n    <\/div>\n\n    <div class=\"wp-block-video aos-zoom-out aos-init aos-animate\" data-aos=\"zoom-out\">\n        <video autoplay=\"\" loop=\"\" muted=\"\" src=\"https:\/\/eeze.com\/wp-content\/uploads\/2025\/09\/EEZE-_ICE2025_COMMERCIAL_WIP07_CUTOUT_WEB_1080_LOW-2.mp4\" playsinline=\"\">\n        <\/video>\n    <\/div>\n\n<\/section><\/div>\n\n<div class=\"lazyblock-home-ready-ZWUcrc aos-fade wp-block-lazyblock-home-ready\"><section class=\"wrap wrap--ready wrap--purple\" >\n    <div class=\"container\">\n        <div class=\"ready\">\n            <div class=\"ready__left\">\n                <h2>T\u00ednh n\u0103ng h\u1ea5p d\u1eabn khi\u1ebfn b\u1ea1n quay m\u1ea1i<\/h2>\n                <p>Thi\u1ebft k\u1ebf v\u1edbi ch\u1ee7 \u0111\u1ec1 \u0111a d\u1ea1ng, t\u00ednh n\u0103ng \u0111\u1ed9c \u0111\u00e1o v\u00e0 l\u01b0\u1ee3t quay h\u1ea5p d\u1eabn thu h\u00fat m\u1ecdi ng\u01b0\u1eddi ch\u01a1i.<\/p>                                   <a href=\"\/vi\/slots\/\" class=\"btn btn--border btn--border-green\">XEM TH\u00caM<\/a>\n                            <\/div>\n            <div class=\"ready__right\">\n               <picture>\n      <source srcset=\"https:\/\/eeze.com\/wp-content\/uploads\/2025\/01\/Slots-desktop.png\" media=\"(min-width: 767px)\">\n    <img decoding=\"async\" src=\"https:\/\/eeze.com\/wp-content\/uploads\/2025\/03\/image.png\">\n<\/picture>\n            <\/div>\n        <\/div>\n    <\/div>\n<\/section>\n<\/div>\n\n\n<div style=\"height:1.5rem\" aria-hidden=\"true\" class=\"wp-block-spacer\"><\/div>\n\n\n<div class=\"lazyblock-home-ready-1gpwFh aos-fade wp-block-lazyblock-home-ready\"><section class=\"wrap wrap--ready wrap--purple wrap--no-top-bg\" >\n    <div class=\"container\">\n        <div class=\"ready\">\n            <div class=\"ready__left\">\n                <h2>S\u1eb5n s\u00e0ng <span>n\u00e2ng c\u1ea5p<\/span> Casino Tr\u1ef1c Ti\u1ebfp c\u1ee7a b\u1ea1n<\/h2>\n                <p>T\u00edch h\u1ee3p c\u00e1c t\u00ednh n\u0103ng khuy\u1ebfn m\u00e3i nh\u01b0 gi\u1ea3i \u0111\u1ea5u, ph\u1ea7n th\u01b0\u1edfng linh \u0111\u1ed9ng, ph\u1ec9nh mi\u1ec5n ph\u00ed v\u00e0 s\u1ef1 ki\u1ec7n \u0111\u1ed9c quy\u1ec1n cho VIP, \u0111\u1ed3ng th\u1eddi \u0111i\u1ec1u ch\u1ec9nh m\u01b0\u1ee3t m\u00e0 theo th\u01b0\u01a1ng hi\u1ec7u c\u1ee7a b\u1ea1n \u0111\u1ec3 mang l\u1ea1i tr\u1ea3i nghi\u1ec7m th\u1ef1c s\u1ef1 \u0111\u1ed9c \u0111\u00e1o.<\/p>                                   <a href=\"\/vi\/gamification-suite\/\" class=\"btn btn--border btn--border-green\">XEM TH\u00caM<\/a>\n                            <\/div>\n            <div class=\"ready__right\">\n               <picture>\n      <source srcset=\"https:\/\/eeze.com\/wp-content\/uploads\/2024\/09\/img-1-1.png-copy.webp\" media=\"(min-width: 767px)\">\n    <img decoding=\"async\" src=\"https:\/\/eeze.com\/wp-content\/uploads\/2025\/03\/phone2.png\">\n<\/picture>\n            <\/div>\n        <\/div>\n    <\/div>\n<\/section>\n<\/div>\n\n<div class=\"lazyblock-home-explore-6Mlp aos-fade wp-block-lazyblock-home-explore\"><section class=\"wrap wrap--explore\">\n    <div class=\"container\">\n        <div class=\"title title--inline\">\n            <h2>Explore Eeze<\/h2>\n            <a href=\"\/vi\/articles\/\" class=\"btn btn--border-dark\">XEM TH\u00caM<\/a>\n        <\/div>\n        <div class=\"explore swiper\">\n            <div class=\"swiper-wrapper\">\n                <div class=\"explore__item explore__item--purple swiper-slide\">\n                    <div class=\"explore__content\">\n                        <div class=\"explore__sub-title\">Tin t\u1ee9c m\u1edbi nh\u1ea5t<\/div>\n                        <h3 class=\"explore__title\">Eeze appoints Jonathan Pettemerides to the board of Directors<\/h3>\n                        <div class=\"explore__txt\">\n                            <p><!-- wp:paragraph --><\/p>\n<p><!-- wp:paragraph --><\/p>\n<p>Eeze, the fast-growing live casino specialist, has announced the appointment of Jonathan Pettemerides as its new Non-Executive Director, effective 1st October 2025.<\/p>\n<p><!-- \/wp:paragraph -->\n\n<!-- wp:paragraph --><\/p>\n<p>Pettemerides has almost twenty years of international leadership experience in the gaming industry, having held senior roles across multi-channel operators, vendors and serving on public company boards in the entertainment sector.<!-- \/wp:paragraph --><\/p>\n<p><!-- \/wp:paragraph --><\/p>                        <\/div>\n                        <div class=\"explore__actions\"><a href=\"\/vi\/eeze-appoints-jonathan-pettemerides-to-the-board-of-directors\/\" class=\"explore__link\">SEE MORE<\/a><\/div>\n                    <\/div>\n                    <picture class=\"explore__img\"><img loading=\"lazy\" decoding=\"async\" width=\"919\" height=\"1253\" src=\"https:\/\/eeze.com\/wp-content\/uploads\/2026\/01\/N-Edited.png\" class=\"attachment-full size-full\" alt=\"\" srcset=\"https:\/\/eeze.com\/wp-content\/uploads\/2026\/01\/N-Edited.png 919w, https:\/\/eeze.com\/wp-content\/uploads\/2026\/01\/N-Edited-220x300.png 220w, https:\/\/eeze.com\/wp-content\/uploads\/2026\/01\/N-Edited-751x1024.png 751w, https:\/\/eeze.com\/wp-content\/uploads\/2026\/01\/N-Edited-768x1047.png 768w, https:\/\/eeze.com\/wp-content\/uploads\/2026\/01\/N-Edited-9x12.png 9w\" sizes=\"auto, (max-width: 919px) 100vw, 919px\" \/><\/picture>                <\/div>\n                <div class=\"explore__item explore__item--green swiper-slide\">\n                    <div class=\"explore__content\">\n                        <div class=\"explore__sub-title\">Tin t\u1ee9c m\u1edbi nh\u1ea5t<\/div>\n                        <h3 class=\"explore__title\">Eeze Showcases Innovation and Growth at ICE Barcelona 2026<\/h3>\n                        <div class=\"explore__txt\">\n                            <p>Eeze will be exhibiting at\u00a0<strong>ICE Barcelona 2026<\/strong>, where the company will showcase its latest innovations in live casino technology and outline its continued growth strategy for regulated markets. Visitors can meet the team on\u00a0<strong>stand 2W50<\/strong>\u00a0throughout the event.<\/p>\n<p>As a fast-growing live casino specialist, Eeze will present its\u00a0<strong>next-generation green screen technology<\/strong>\u00a0alongside a suite of\u00a0<strong>adaptable live dealer solutions<\/strong>, all designed to help operators create distinctive, brand-led live casino experiences.<\/p>                        <\/div>\n                        <div class=\"explore__actions\"><a href=\"\/vi\/eeze-showcases-innovation-and-growth-at-ice-barcelona-2026\/\" class=\"explore__link\">SEE MORE<\/a><\/div>\n                    <\/div>\n                    <picture class=\"explore__img\"><img loading=\"lazy\" decoding=\"async\" width=\"1200\" height=\"629\" src=\"https:\/\/eeze.com\/wp-content\/uploads\/2025\/12\/Cover_LinkedIn_ICE-Barcelona-Featured-Image.png\" class=\"attachment-full size-full\" alt=\"\" srcset=\"https:\/\/eeze.com\/wp-content\/uploads\/2025\/12\/Cover_LinkedIn_ICE-Barcelona-Featured-Image.png 1200w, https:\/\/eeze.com\/wp-content\/uploads\/2025\/12\/Cover_LinkedIn_ICE-Barcelona-Featured-Image-300x157.png 300w, https:\/\/eeze.com\/wp-content\/uploads\/2025\/12\/Cover_LinkedIn_ICE-Barcelona-Featured-Image-1024x537.png 1024w, https:\/\/eeze.com\/wp-content\/uploads\/2025\/12\/Cover_LinkedIn_ICE-Barcelona-Featured-Image-768x403.png 768w, https:\/\/eeze.com\/wp-content\/uploads\/2025\/12\/Cover_LinkedIn_ICE-Barcelona-Featured-Image-18x9.png 18w\" sizes=\"auto, (max-width: 1200px) 100vw, 1200px\" \/><\/picture>                <\/div>\n                <div class=\"explore__item explore__item--blue swiper-slide\">\n                    <div class=\"explore__content\">\n                        <div class=\"explore__sub-title\">Tin t\u1ee9c m\u1edbi nh\u1ea5t<\/div>\n                        <h3 class=\"explore__title\">The creative thinking behind creating a new product<\/h3>\n                        <div class=\"explore__txt\">\n                            <p>When developing a live casino product, one question continually arises: How can we enhance the player experience? Trying to slake our curiosity led to the intriguing creation of Fusion Roulette.<\/p>\n<p>At its core, Fusion Roulette remains recognisable as roulette, the classic casino title that has lasted over time, but the overall experience aims to feel distinctive. Set in a retro-futuristic universe inspired by arcade gaming, the table is situated in the centre of a high-energy environment featuring flying numbers, dynamic images, and glowing portals that enhance immersion. The style is bold and electrifying, yet the aim is straightforward: to heighten the game\u2019s excitement and energy.<\/p>                        <\/div>\n                        <div class=\"explore__actions\"><a href=\"\/vi\/the-creative-thinking-behind-creating-a-new-product\/\" class=\"explore__link\">SEE MORE<\/a><\/div>\n                    <\/div>\n                    <picture class=\"explore__img\"><img loading=\"lazy\" decoding=\"async\" width=\"1200\" height=\"628\" src=\"https:\/\/eeze.com\/wp-content\/uploads\/2025\/09\/Eeze-Fusion-Roulette-TL-Featured-Image.jpg\" class=\"attachment-full size-full\" alt=\"\" srcset=\"https:\/\/eeze.com\/wp-content\/uploads\/2025\/09\/Eeze-Fusion-Roulette-TL-Featured-Image.jpg 1200w, https:\/\/eeze.com\/wp-content\/uploads\/2025\/09\/Eeze-Fusion-Roulette-TL-Featured-Image-300x157.jpg 300w, https:\/\/eeze.com\/wp-content\/uploads\/2025\/09\/Eeze-Fusion-Roulette-TL-Featured-Image-1024x536.jpg 1024w, https:\/\/eeze.com\/wp-content\/uploads\/2025\/09\/Eeze-Fusion-Roulette-TL-Featured-Image-768x402.jpg 768w, https:\/\/eeze.com\/wp-content\/uploads\/2025\/09\/Eeze-Fusion-Roulette-TL-Featured-Image-18x9.jpg 18w\" sizes=\"auto, (max-width: 1200px) 100vw, 1200px\" \/><\/picture>                <\/div>\n            <\/div>\n        <\/div>\n    <\/div>\n<\/section>\n<\/div>\n\n<div class=\"lazyblock-home-about-us-Z23XJeB aos-fade wp-block-lazyblock-home-about-us\"><section class=\"wrap wrap--about wrap--gray\">\n    <div class=\"container\">\n        <div class=\"title title--center\">\n            <h2>Gi\u1edbi thi\u1ec7u ch\u00fang t\u00f4i<\/h2>\n            <p>Nh\u00e0 cung c\u1ea5p Casino Tr\u1ef1c Ti\u1ebfp B2B qu\u1ed1c t\u1ebf, s\u1ee9 m\u1ec7nh c\u1ee7a ch\u00fang t\u00f4i l\u00e0 mang \u0111\u1ebfn s\u1ef1 \u0111\u1ed5i m\u1edbi, gi\u1ea3i tr\u00ed v\u00e0 th\u00fa v\u1ecb cho m\u1ecdi tr\u1ea3i nghi\u1ec7m, nh\u1eb1m t\u1ea1o ra v\u00e0 ph\u00e1t tri\u1ec3n nh\u1eefng tr\u1ea3i nghi\u1ec7m kh\u00f3 qu\u00ean cho kh\u00e1ch h\u00e0ng c\u1ee7a b\u1ea1n.<\/p>        <\/div>\n        <div class=\"wrap-about\">\n            <div class=\"about\">\n                                <div class=\"about__item\">\n                  <picture class=\"about__img\"><img decoding=\"async\" src=\"https:\/\/eeze.com\/wp-content\/uploads\/2024\/07\/earth.svg\" class=\"attachment-full size-full\" alt=\"\" \/><\/picture>                    <div class=\"about__content\">\n                        <h3 class=\"about__title\">Th\u1ecb tr\u01b0\u1eddng s\u1eb5n c\u00f3<\/h3>\n                        <div class=\"about__txt\"><p>Malta, Isle of Man, Cura\u00e7ao<\/p><\/div>\n                    <\/div>\n                <\/div>\n                                <div class=\"about__item\">\n                  <picture class=\"about__img\"><img decoding=\"async\" src=\"https:\/\/eeze.com\/wp-content\/uploads\/2024\/07\/geo.svg\" class=\"attachment-full size-full\" alt=\"\" \/><\/picture>                    <div class=\"about__content\">\n                        <h3 class=\"about__title\">V\u0103n ph\u00f2ng<\/h3>\n                        <div class=\"about__txt\"><p>Malta \u2022 London \u2022 Romania<\/p><\/div>\n                    <\/div>\n                <\/div>\n                                <div class=\"about__item\">\n                  <picture class=\"about__img\"><img decoding=\"async\" src=\"https:\/\/eeze.com\/wp-content\/uploads\/2024\/07\/employ.svg\" class=\"attachment-full size-full\" alt=\"\" \/><\/picture>                    <div class=\"about__content\">\n                        <h3 class=\"about__title\">400+ nh\u00e2n vi\u00ean<\/h3>\n                        <div class=\"about__txt\"><p>Tr\u00ean kh\u1eafp Ch\u00e2u \u00c2u<\/p><\/div>\n                    <\/div>\n                <\/div>\n                            <\/div>\n            <div class=\"about-info\">\n                <p>**S\u1ebd c\u00f3 th\u00eam nhi\u1ec1u th\u1ecb tr\u01b0\u1eddng kh\u00e1c \u0111\u01b0\u1ee3c b\u1ed5 sung.<\/p>\n            <\/div>\n        <\/div>\n    <\/div>\n<\/section>\n<\/div>\n\n<div class=\"lazyblock-home-build-1XgizI aos-fade wp-block-lazyblock-home-build\"><section class=\"wrap wrap--built\">\n    <div class=\"container\">\n        <div class=\"built\">\n            <div class=\"built__left\">\n                <h2>We build the best iGaming betting solutions in the world.<\/h2>\n            <\/div>\n            <div class=\"built__right\">\n              <picture><img loading=\"lazy\" decoding=\"async\" width=\"727\" height=\"569\" src=\"https:\/\/eeze.com\/wp-content\/uploads\/2024\/07\/img-5.png\" class=\"attachment-full size-full\" alt=\"\" srcset=\"https:\/\/eeze.com\/wp-content\/uploads\/2024\/07\/img-5.png 727w, https:\/\/eeze.com\/wp-content\/uploads\/2024\/07\/img-5-300x235.png 300w\" sizes=\"auto, (max-width: 727px) 100vw, 727px\" \/><\/picture>            <\/div>\n        <\/div>\n    <\/div>\n<\/section>\n<\/div>","protected":false},"excerpt":{"rendered":"<p>Kh\u00e1m ph\u00e1 c\u00e1c gi\u1ea3i ph\u00e1p casino tr\u1ef1c ti\u1ebfp ti\u00ean ti\u1ebfn c\u1ee7a ch\u00fang t\u00f4i.<\/p>","protected":false},"author":1,"featured_media":0,"parent":0,"menu_order":0,"comment_status":"closed","ping_status":"closed","template":"","meta":{"footnotes":""},"class_list":["post-31","page","type-page","status-publish","hentry"],"acf":[],"_links":{"self":[{"href":"https:\/\/eeze.com\/vi\/wp-json\/wp\/v2\/pages\/31","targetHints":{"allow":["GET"]}}],"collection":[{"href":"https:\/\/eeze.com\/vi\/wp-json\/wp\/v2\/pages"}],"about":[{"href":"https:\/\/eeze.com\/vi\/wp-json\/wp\/v2\/types\/page"}],"author":[{"embeddable":true,"href":"https:\/\/eeze.com\/vi\/wp-json\/wp\/v2\/users\/1"}],"replies":[{"embeddable":true,"href":"https:\/\/eeze.com\/vi\/wp-json\/wp\/v2\/comments?post=31"}],"version-history":[{"count":72,"href":"https:\/\/eeze.com\/vi\/wp-json\/wp\/v2\/pages\/31\/revisions"}],"predecessor-version":[{"id":1364,"href":"https:\/\/eeze.com\/vi\/wp-json\/wp\/v2\/pages\/31\/revisions\/1364"}],"wp:attachment":[{"href":"https:\/\/eeze.com\/vi\/wp-json\/wp\/v2\/media?parent=31"}],"curies":[{"name":"wp","href":"https:\/\/api.w.org\/{rel}","templated":true}]}}