{"id":157,"date":"2024-07-13T13:06:31","date_gmt":"2024-07-13T13:06:31","guid":{"rendered":"https:\/\/eeze.com\/?page_id=157"},"modified":"2024-07-13T13:14:16","modified_gmt":"2024-07-13T13:14:16","slug":"request-demo-access","status":"publish","type":"page","link":"https:\/\/eeze.com\/vi\/request-demo-access\/","title":{"rendered":"Y\u00eau c\u1ea7u truy c\u1eadp th\u1eed nghi\u1ec7m"},"content":{"rendered":"<div class=\"wpcf7 no-js\" id=\"wpcf7-f159-o1\" lang=\"en-US\" dir=\"ltr\" data-wpcf7-id=\"159\">\n<div class=\"screen-reader-response\"><p role=\"status\" aria-live=\"polite\" aria-atomic=\"true\"><\/p> <ul><\/ul><\/div>\n<form action=\"\/vi\/wp-json\/wp\/v2\/pages\/157#wpcf7-f159-o1\" method=\"post\" class=\"wpcf7-form init form\" aria-label=\"Contact form\" novalidate=\"novalidate\" data-status=\"init\" data-trp-original-action=\"\/vi\/wp-json\/wp\/v2\/pages\/157#wpcf7-f159-o1\">\n<fieldset class=\"hidden-fields-container\"><input type=\"hidden\" name=\"_wpcf7\" value=\"159\" \/><input type=\"hidden\" name=\"_wpcf7_version\" value=\"6.1.5\" \/><input type=\"hidden\" name=\"_wpcf7_locale\" value=\"en_US\" \/><input type=\"hidden\" name=\"_wpcf7_unit_tag\" value=\"wpcf7-f159-o1\" \/><input type=\"hidden\" name=\"_wpcf7_container_post\" value=\"0\" \/><input type=\"hidden\" name=\"_wpcf7_posted_data_hash\" value=\"\" \/><input type=\"hidden\" name=\"_wpcf7_recaptcha_response\" value=\"\" \/>\n<\/fieldset>\n<div class=\"form__item\">\n  <input size=\"40\" maxlength=\"400\" class=\"wpcf7-form-control wpcf7-text wpcf7-validates-as-required form__input\" id=\"name\" aria-required=\"true\" aria-invalid=\"false\" placeholder=\"\" value=\"\" type=\"text\" name=\"text-269\" \/>\n  <label for=\"name\" class=\"form__label\">H\u1ecd t\u00ean<\/label>\n<\/div>\n<div class=\"form__item\">\n  <input size=\"40\" maxlength=\"400\" class=\"wpcf7-form-control wpcf7-text wpcf7-validates-as-required form__input\" id=\"company\" aria-required=\"true\" aria-invalid=\"false\" placeholder=\"\" value=\"\" type=\"text\" name=\"text-279\" \/>\n  <label for=\"company\" class=\"form__label\">T\u00ean c\u00f4ng ty<\/label>\n<\/div>\n<div class=\"form__item\">\n  <input size=\"40\" maxlength=\"400\" class=\"wpcf7-form-control wpcf7-text wpcf7-validates-as-required form__input\" id=\"model\" aria-required=\"true\" aria-invalid=\"false\" placeholder=\"\" value=\"\" type=\"text\" name=\"text-289\" \/>\n  <label for=\"model\" class=\"form__label\">M\u00f4 h\u00ecnh kinh doanh<\/label>\n<\/div>\n<div class=\"form__item\">\n  <input size=\"40\" maxlength=\"400\" class=\"wpcf7-form-control wpcf7-text wpcf7-validates-as-required form__input\" id=\"website\" aria-required=\"true\" aria-invalid=\"false\" placeholder=\"\" value=\"\" type=\"text\" name=\"text-299\" \/>\n  <label for=\"website\" class=\"form__label\">Trang web<\/label>\n<\/div>\n<div class=\"form__item\">\n<input size=\"40\" maxlength=\"400\" class=\"wpcf7-form-control wpcf7-email wpcf7-validates-as-required wpcf7-text wpcf7-validates-as-email form__input\" id=\"email\" aria-required=\"true\" aria-invalid=\"false\" placeholder=\"\" value=\"\" type=\"email\" name=\"email-637\" \/>\n  <label for=\"email\" class=\"form__label\">E-mail<\/label>\n<\/div>\n<div class=\"form__item\">\n  <input size=\"40\" maxlength=\"400\" class=\"wpcf7-form-control wpcf7-text wpcf7-validates-as-required form__input\" id=\"brief\" aria-required=\"true\" aria-invalid=\"false\" placeholder=\"\" value=\"\" type=\"text\" name=\"text-199\" \/>\n  <label for=\"brief\" class=\"form__label\">M\u00f4 t\u1ea3 ng\u1eafn g\u1ecdn v\u1ec1 th\u01b0\u01a1ng hi\u1ec7u c\u1ee7a b\u1ea1n<\/label>\n<\/div>\n<div class=\"form__item form__item--submit\">\n    <input class=\"wpcf7-form-control wpcf7-submit has-spinner form__btn btn\" type=\"submit\" value=\"submit\" \/>\n<\/div><div class=\"wpcf7-response-output\" aria-hidden=\"true\"><\/div>\n<input type=\"hidden\" name=\"trp-form-language\" value=\"vi\"\/><\/form>\n<\/div>","protected":false},"excerpt":{"rendered":"<p>\u0110i\u1ec1n v\u00e0o m\u1eabu d\u01b0\u1edbi \u0111\u00e2y \u0111\u1ec3 y\u00eau c\u1ea7u truy c\u1eadp th\u1eed nghi\u1ec7m<\/p>","protected":false},"author":1,"featured_media":0,"parent":0,"menu_order":0,"comment_status":"closed","ping_status":"closed","template":"inc\/demo.php","meta":{"footnotes":""},"class_list":["post-157","page","type-page","status-publish","hentry"],"acf":[],"_links":{"self":[{"href":"https:\/\/eeze.com\/vi\/wp-json\/wp\/v2\/pages\/157","targetHints":{"allow":["GET"]}}],"collection":[{"href":"https:\/\/eeze.com\/vi\/wp-json\/wp\/v2\/pages"}],"about":[{"href":"https:\/\/eeze.com\/vi\/wp-json\/wp\/v2\/types\/page"}],"author":[{"embeddable":true,"href":"https:\/\/eeze.com\/vi\/wp-json\/wp\/v2\/users\/1"}],"replies":[{"embeddable":true,"href":"https:\/\/eeze.com\/vi\/wp-json\/wp\/v2\/comments?post=157"}],"version-history":[{"count":2,"href":"https:\/\/eeze.com\/vi\/wp-json\/wp\/v2\/pages\/157\/revisions"}],"predecessor-version":[{"id":160,"href":"https:\/\/eeze.com\/vi\/wp-json\/wp\/v2\/pages\/157\/revisions\/160"}],"wp:attachment":[{"href":"https:\/\/eeze.com\/vi\/wp-json\/wp\/v2\/media?parent=157"}],"curies":[{"name":"wp","href":"https:\/\/api.w.org\/{rel}","templated":true}]}}