{"id":128,"date":"2024-07-13T11:40:03","date_gmt":"2024-07-13T11:40:03","guid":{"rendered":"https:\/\/eeze.com\/?page_id=128"},"modified":"2026-01-29T08:06:12","modified_gmt":"2026-01-29T08:06:12","slug":"gamification-suite","status":"publish","type":"page","link":"https:\/\/eeze.com\/vi\/gamification-suite\/","title":{"rendered":"B\u1ed9 C\u00f4ng C\u1ee5 Tr\u00f2 Ch\u01a1i H\u00f3a"},"content":{"rendered":"<div class=\"lazyblock-main-hero-ZT3Spj wp-block-lazyblock-main-hero\"><section class=\"wrap wrap--main overlay--visible\" id=\"post-128\">\n    <div class=\"container\">\n        <div class=\"main\">\n            <div class=\"main__left\">\n                                \n                            <\/div>\n        <\/div>\n        <div class=\"scroll-action\">\n            <a href=\"#second\" class=\"scroll-action__link\">\n                <svg width=\"27\" height=\"40\" viewbox=\"0 0 27 40\" fill=\"none\" xmlns=\"http:\/\/www.w3.org\/2000\/svg\">\n                    <path fill-rule=\"evenodd\" clip-rule=\"evenodd\" d=\"M22.1426 28V12C22.1426 7.02944 18.1131 3 13.1426 3C8.17202 3 4.14258 7.02944 4.14258 12V28C4.14258 32.9706 8.17202 37 13.1426 37C18.1131 37 22.1426 32.9706 22.1426 28ZM13.1426 0C6.51516 0 1.14258 5.37258 1.14258 12V28C1.14258 34.6274 6.51516 40 13.1426 40C19.77 40 25.1426 34.6274 25.1426 28V12C25.1426 5.37258 19.77 0 13.1426 0Z\" fill=\"white\" \/>\n                    <path fill-rule=\"evenodd\" clip-rule=\"evenodd\" d=\"M13.1426 6.57141C14.2471 6.57141 15.1426 7.46684 15.1426 8.57141V14.2857C15.1426 15.3903 14.2471 16.2857 13.1426 16.2857C12.038 16.2857 11.1426 15.3903 11.1426 14.2857V8.57141C11.1426 7.46684 12.038 6.57141 13.1426 6.57141Z\" fill=\"white\" class=\"slide\" \/>\n                <\/svg>\n                <span>CU\u1ed8N<\/span>\n            <\/a>\n        <\/div>\n    <\/div>\n\n    <div class=\"wp-block-video aos-zoom-out aos-init aos-animate\" data-aos=\"zoom-out\">\n        <video autoplay=\"\" loop=\"\" muted=\"\" src=\"https:\/\/eeze.com\/wp-content\/uploads\/2025\/03\/Gamification_website.mp4\" playsinline=\"\">\n        <\/video>\n    <\/div>\n\n<\/section><\/div>\n\n<div class=\"lazyblock-gamification-what-hcsAd wp-block-lazyblock-gamification-what\">\n<style>\n@media only screen and (min-width: 1000px) {\n  #second h2 {\n    font-weight: 300;\n    font-size: 64px;\n    line-height: 112%;\n    font-style: italic;\n    text-align: center;\n    max-width: 66%;\n    margin: 0 auto;\n    padding-bottom: 56px;\n  }\n  \n  #second p {\n    max-width: 750px;\n    margin: 0 auto;\n    text-align: center;\n    font-size: 18px;\n    line-height: 36px;\n  }\n}\n<\/style>\n<section class=\"wrap wrap--inline-content wrap--wh-bg\" id=\"second\">\n    <div class=\"container\">\n        <div class=\"inline-content\" style=\"flex-direction: column;\">\n            <div class=\"\">\n                <h2>\u0110i\u1ec1u g\u00ec khi\u1ebfn T\u00ednh N\u0103ng Tr\u00f2 Ch\u01a1i H\u00f3a c\u1ee7a ch\u00fang t\u00f4i kh\u00e1c bi\u1ec7t?<\/h2>\n            <\/div>\n            <div class=\"\">\n                <p>Winning the <strong>\u2018Best Unique Selling Point\u2019<\/strong> at the SiGMA Awards 2023, our all-in-one Gamification Suite seamlessly integrates tailored promotional features for the most engaging experience for your players.<\/p>            <\/div>\n        <\/div>\n    <\/div>\n<\/section>\n<\/div>\n\n<div class=\"lazyblock-gamification-features-1VH0JH wp-block-lazyblock-gamification-features\"><section class=\"wrap wrap--features wrap--purple\">\n    <div class=\"container\">\n        <div class=\"title\">\n            <h2>T\u00ednh n\u0103ng ch\u00ednh<\/h2>\n        <\/div>\n        <div class=\"explore explore--toogle explore-toogle explore--cols-4\">\n            <div class=\"explore__item explore__item--purple\">\n                <div class=\"explore__content\">\n                    <div class=\"explore__sub-title\">Mystery Rewards &#038; EezeDrop<\/div>\n                    <h3 class=\"explore__title\">Instant rewards that drive engagement and spend<\/h3>\n                    <div class=\"explore__txt\">\n                        <p>Boost player activity and session time with surprise prize drops and randomised rewards, configurable to your budget and campaign goals.<\/p>                        <button class=\"explore-close-btn\" aria-label=\"Close\" type=\"button\"><i class=\"icon-minus\"><\/i><\/button>\n                    <\/div>\n                <\/div>\n                <picture class=\"explore__img\"><img loading=\"lazy\" decoding=\"async\" width=\"1264\" height=\"1270\" src=\"https:\/\/eeze.com\/wp-content\/uploads\/2026\/01\/Gamification.png\" class=\"attachment-full size-full\" alt=\"\" srcset=\"https:\/\/eeze.com\/wp-content\/uploads\/2026\/01\/Gamification.png 1264w, https:\/\/eeze.com\/wp-content\/uploads\/2026\/01\/Gamification-300x300.png 300w, https:\/\/eeze.com\/wp-content\/uploads\/2026\/01\/Gamification-1019x1024.png 1019w, https:\/\/eeze.com\/wp-content\/uploads\/2026\/01\/Gamification-150x150.png 150w, https:\/\/eeze.com\/wp-content\/uploads\/2026\/01\/Gamification-768x772.png 768w, https:\/\/eeze.com\/wp-content\/uploads\/2026\/01\/Gamification-12x12.png 12w\" sizes=\"auto, (max-width: 1264px) 100vw, 1264px\" \/><\/picture>                <button class=\"explore-btn\" aria-label=\"Open\" type=\"button\"><i class=\"icon-plus\"><\/i><\/button>\n            <\/div>\n            <div class=\"explore__item explore__item--green\">\n                <div class=\"explore__content\">\n                    <div class=\"explore__sub-title\">Tournament Mechanics<\/div>\n                    <h3 class=\"explore__title\">Flexible setup to maximise retention and revenue<\/h3>\n                    <div class=\"explore__txt\">\n                        <p>Optimise tournament performance with advanced scoring rules, phased progressions, and dynamic reward logic tailored to your player segments.<\/p>                        <button class=\"explore-close-btn\" aria-label=\"Close\" type=\"button\"><i class=\"icon-minus\"><\/i><\/button>\n                    <\/div>\n                <\/div>\n                <picture class=\"explore__img\"><img loading=\"lazy\" decoding=\"async\" width=\"800\" height=\"554\" src=\"https:\/\/eeze.com\/wp-content\/uploads\/2025\/01\/Customisation.png\" class=\"attachment-full size-full\" alt=\"\" srcset=\"https:\/\/eeze.com\/wp-content\/uploads\/2025\/01\/Customisation.png 800w, https:\/\/eeze.com\/wp-content\/uploads\/2025\/01\/Customisation-300x208.png 300w, https:\/\/eeze.com\/wp-content\/uploads\/2025\/01\/Customisation-768x532.png 768w, https:\/\/eeze.com\/wp-content\/uploads\/2025\/01\/Customisation-18x12.png 18w\" sizes=\"auto, (max-width: 800px) 100vw, 800px\" \/><\/picture>                <button class=\"explore-btn\" aria-label=\"Open\/Close\" type=\"button\"><i class=\"icon-plus\"><\/i><\/button>\n            <\/div>\n            <div class=\"explore__item explore__item--blue\">\n                <div class=\"explore__content\">\n                    <div class=\"explore__sub-title\">Thi\u1ebft k\u1ebf t\u00f9y ch\u1ec9nh<\/div>\n                    <h3 class=\"explore__title\">Brand unity with zero code<\/h3>\n                    <div class=\"explore__txt\">\n                        <p>Easily tailor visuals, colours and logos to match your brand identity, ensuring premium presentation across all promotional events.<\/p>                        <button class=\"explore-close-btn\" aria-label=\"Close\" type=\"button\"><i class=\"icon-minus\"><\/i><\/button>\n                    <\/div>\n                <\/div>\n                <picture class=\"explore__img\"><img loading=\"lazy\" decoding=\"async\" width=\"318\" height=\"470\" src=\"https:\/\/eeze.com\/wp-content\/uploads\/2024\/07\/img-24.png\" class=\"attachment-full size-full\" alt=\"\" srcset=\"https:\/\/eeze.com\/wp-content\/uploads\/2024\/07\/img-24.png 318w, https:\/\/eeze.com\/wp-content\/uploads\/2024\/07\/img-24-203x300.png 203w\" sizes=\"auto, (max-width: 318px) 100vw, 318px\" \/><\/picture>                <button class=\"explore-btn\" aria-label=\"Open\/Close\" type=\"button\"><i class=\"icon-plus\"><\/i><\/button>\n            <\/div>\n            <div class=\"explore__item explore__item--purple\">\n                <div class=\"explore__content\">\n                    <div class=\"explore__sub-title\">B\u1ea3ng \u0111i\u1ec1u khi\u1ec3n<\/div>\n                    <h3 class=\"explore__title\">Full operational visibility and performance tracking<\/h3>\n                    <div class=\"explore__txt\">\n                        <p>Manage prizes, schedules, and analytics in one dashboard, enabling data-led adjustments that enhance ROI and simplify campaign management.<\/p>                        <button class=\"explore-close-btn\" aria-label=\"Close\" type=\"button\"><i class=\"icon-minus\"><\/i><\/button>\n                    <\/div>\n                <\/div>\n                <picture class=\"explore__img\"><img loading=\"lazy\" decoding=\"async\" width=\"2560\" height=\"1440\" src=\"https:\/\/eeze.com\/wp-content\/uploads\/2026\/01\/Gamification-10-dashboard-scaled.png\" class=\"attachment-full size-full\" alt=\"\" srcset=\"https:\/\/eeze.com\/wp-content\/uploads\/2026\/01\/Gamification-10-dashboard-scaled.png 2560w, https:\/\/eeze.com\/wp-content\/uploads\/2026\/01\/Gamification-10-dashboard-300x169.png 300w, https:\/\/eeze.com\/wp-content\/uploads\/2026\/01\/Gamification-10-dashboard-1024x576.png 1024w, https:\/\/eeze.com\/wp-content\/uploads\/2026\/01\/Gamification-10-dashboard-768x432.png 768w, https:\/\/eeze.com\/wp-content\/uploads\/2026\/01\/Gamification-10-dashboard-1536x864.png 1536w, https:\/\/eeze.com\/wp-content\/uploads\/2026\/01\/Gamification-10-dashboard-2048x1152.png 2048w, https:\/\/eeze.com\/wp-content\/uploads\/2026\/01\/Gamification-10-dashboard-18x10.png 18w\" sizes=\"auto, (max-width: 2560px) 100vw, 2560px\" \/><\/picture>                <button class=\"explore-btn\" aria-label=\"Open\/Close\" type=\"button\"><i class=\"icon-plus\"><\/i><\/button>\n            <\/div>\n        <\/div>\n    <\/div>\n<\/section>\n<\/div>\n\n<div class=\"lazyblock-slidercontantimage-252TAB wp-block-lazyblock-slidercontantimage\"><section class=\"content-imag-slider\">\n    <div class=\"container\">\n        <div class=\"swiper\">\n            <div class=\"swiper-wrapper\">\n                                    <div class=\"swiper-slide\">\n                        <div class=\"swiper-slide__content\">\n                            <h3>Tested &#038; Proven<\/h3>\n                            <h2>Effectively boost engagement<\/h2>\n                            <div><p><strong>150+<\/strong> Average Rounds per Day per Players<\/p>\n<p><strong>71%<\/strong> of Players Returned for More Action<\/p>\n<p><strong>41%<\/strong> Increase in Time Spent<\/p><\/div>\n                        <\/div>\n\n                                                    <img decoding=\"async\" src=\"https:\/\/eeze.com\/wp-content\/uploads\/2025\/03\/Content-1.png.webp\"\n                                alt=\"\">\n                                            <\/div>\n                                    <div class=\"swiper-slide\">\n                        <div class=\"swiper-slide__content\">\n                            <h3>Tested &#038; Proven<\/h3>\n                            <h2>Drive player activity \u2028with Flash Tournaments<\/h2>\n                            <div><p><strong>68%<\/strong> of players opted into Tournaments<\/p>\n<p><strong>82%<\/strong> of players participated across multiple Games<\/p>\n<p><strong>71%<\/strong> Increase in Bet Amounts<\/p><\/div>\n                        <\/div>\n\n                                                    <img decoding=\"async\" src=\"https:\/\/eeze.com\/wp-content\/uploads\/2025\/03\/Content-2.png.webp\"\n                                alt=\"\">\n                                            <\/div>\n                                    <div class=\"swiper-slide\">\n                        <div class=\"swiper-slide__content\">\n                            <h3>Tested &#038; Proven<\/h3>\n                            <h2>Loved by Players<\/h2>\n                            <div><p>Our players have rated our gamification features:<\/p>\n<p><strong>4.6\/5<\/strong> for Engagement and Entertainment<\/p>\n<p><strong>4.5\/5<\/strong> for UI and Visibility<\/p><\/div>\n                        <\/div>\n\n                                                    <img decoding=\"async\" src=\"https:\/\/eeze.com\/wp-content\/uploads\/2025\/03\/Content-3.png.webp\"\n                                alt=\"\">\n                                            <\/div>\n                            <\/div>\n\n            <div class=\"swiper-pagination\"><\/div>\n        <\/div>\n        <div class=\"swiper-button-next\">\n            <svg xmlns=\"http:\/\/www.w3.org\/2000\/svg\" width=\"14\" height=\"12\" viewbox=\"0 0 14 12\" fill=\"none\">\n                <path d=\"M8.25 0.203035L13.75 5.45304C13.9062 5.60929 14 5.79679 14 6.01554C14 6.20304 13.9062 6.39054 13.75 6.54679L8.25 11.7968C7.96875 12.078 7.46875 12.078 7.1875 11.7655C6.90625 11.4843 6.90625 10.9843 7.21875 10.703L11.375 6.76554H0.75C0.3125 6.76554 0 6.42179 0 6.01554C0 5.57804 0.3125 5.26554 0.75 5.26554H11.375L7.21875 1.29679C6.90625 1.01554 6.90625 0.515535 7.1875 0.234285C7.46875 -0.0782149 7.9375 -0.0782149 8.25 0.203035Z\" fill=\"#2D1D48\" \/>\n            <\/svg>\n        <\/div>\n        <div class=\"swiper-button-prev\">\n            <svg xmlns=\"http:\/\/www.w3.org\/2000\/svg\" width=\"14\" height=\"12\" viewbox=\"0 0 14 12\" fill=\"none\">\n                <path d=\"M13.9844 5.98429C13.9844 6.42179 13.6406 6.76554 13.2344 6.76554H2.60938L6.76562 10.703C7.07812 10.9843 7.07812 11.4843 6.79688 11.7655C6.51562 12.078 6.04688 12.078 5.73438 11.7968L0.234375 6.54679C0.078125 6.39054 0.015625 6.20304 0.015625 5.98429C0.015625 5.79679 0.078125 5.60929 0.234375 5.45304L5.73438 0.203035C6.04688 -0.0782149 6.51562 -0.0782149 6.79688 0.234285C7.07812 0.515535 7.07812 1.01554 6.76562 1.29679L2.60938 5.23429H13.2344C13.6719 5.23429 13.9844 5.57804 13.9844 5.98429Z\" fill=\"#2D1D48\" \/>\n            <\/svg>\n        <\/div>\n    <\/div>\n<\/section><\/div>\n\n<div class=\"lazyblock-gamification-explore-Z1Np87 aos-fade wp-block-lazyblock-gamification-explore\">\n<style>\n@media only screen and (min-width: 1000px) {\n  .wrap--services .title h2 {    \n    font-weight: 300;\n    font-size: 56px;\n    line-height: 112%;\n    font-style: italic;\n    text-align: center;\n    max-width: 66%;\n    margin: 0 auto;\n    padding-bottom: 0;\n    \n  }\n  .wrap--services .services__title h3 {\n    font-size: 30px;\n    line-height: 125%;\n  }\n  \n  .wrap--services .services__title {\n    margin-bottom: 18px;\n  }\n  .wrap--services .title {\n     margin-bottom: 41px;\n  }\n   \n   .services__content {\n       max-width: 90%;\n   }\n  \n}\n<\/style>\n\n<section class=\"wrap wrap--services\">\n    <div class=\"container\">\n        <div class=\"title\">\n            <h2>Kh\u00e1m ph\u00e1 d\u1ecbch v\u1ee5 \u0111\u01b0\u1ee3c thi\u1ebft k\u1ebf ri\u00eang<\/h2>\n        <\/div>\n        <div class=\"services\">\n                        <div class=\"services__item\">\n                <div class=\"services__title\">\n                    <h3>C\u00e1ch ti\u1ebfp c\u1eadn th\u1ed1ng nh\u1ea5t<\/h3>\n                    <picture><img decoding=\"async\" src=\"https:\/\/eeze.com\/wp-content\/uploads\/2024\/07\/brand.svg\" class=\"attachment-full size-full\" alt=\"\" \/><\/picture>                <\/div>\n                <div class=\"services__content\">\n                    <p>Ch\u00fang t\u00f4i h\u1ed7 tr\u1ee3 100% t\u1ea5t c\u1ea3 c\u00e1c tr\u00f2 ch\u01a1i v\u00e0 th\u1ecb tr\u01b0\u1eddng, bao g\u1ed3m tr\u00f2 ch\u01a1i sweepstakes, \u0111\u1ea3m b\u1ea3o t\u00ednh t\u01b0\u01a1ng th\u00edch m\u01b0\u1ee3t m\u00e0 v\u1edbi t\u1eebng s\u1ea3n ph\u1ea9m trong danh m\u1ee5c c\u1ee7a ch\u00fang t\u00f4i.<\/p>                <\/div>\n            <\/div>\n                        <div class=\"services__item\">\n                <div class=\"services__title\">\n                    <h3>K\u00edch th\u00edch ng\u01b0\u1eddi d\u00f9ng<\/h3>\n                    <picture><img decoding=\"async\" src=\"https:\/\/eeze.com\/wp-content\/uploads\/2024\/07\/engagement.svg\" class=\"attachment-full size-full\" alt=\"\" \/><\/picture>                <\/div>\n                <div class=\"services__content\">\n                    <p>Nh\u1eafm m\u1ee5c ti\u00eau ng\u01b0\u1eddi d\u00f9ng cho ph\u00e9p t\u00f9y ch\u1ec9nh c\u00e1c s\u1ef1 ki\u1ec7n theo nhu c\u1ea7u d\u1ef1a tr\u00ean c\u00e1c ti\u00eau ch\u00ed nh\u01b0 chi ti\u00eau, gi\u1eef ch\u00e2n v\u00e0 s\u1edf th\u00edch c\u1ee7a ng\u01b0\u1eddi d\u00f9ng.<\/p>                <\/div>\n            <\/div>\n                        <div class=\"services__item\">\n                <div class=\"services__title\">\n                    <h3>T\u0103ng c\u01b0\u1eddng doanh thu<\/h3>\n                    <picture><img decoding=\"async\" src=\"https:\/\/eeze.com\/wp-content\/uploads\/2024\/07\/boost.svg\" class=\"attachment-full size-full\" alt=\"\" \/><\/picture>                <\/div>\n                <div class=\"services__content\">\n                    <p>S\u1ef1 pha tr\u1ed9n chi\u1ebfn l\u01b0\u1ee3c gi\u1eefa c\u00e1c t\u00ednh n\u0103ng qu\u1ea3ng b\u00e1 h\u1ea5p d\u1eabn, t\u00e1c \u0111\u1ed9ng cao, bi\u1ebfn n\u1ec1n t\u1ea3ng c\u1ee7a b\u1ea1n th\u00e0nh th\u1ecfi nam ch\u00e2m cho c\u1ea3 ng\u01b0\u1eddi d\u00f9ng hi\u1ec7n t\u1ea1i v\u00e0 ng\u01b0\u1eddi d\u00f9ng ti\u1ec1m n\u0103ng.<\/p>                <\/div>\n            <\/div>\n                        <div class=\"services__item\">\n                <div class=\"services__title\">\n                    <h3>V\u0103n ph\u00f2ng qu\u1ea3n l\u00fd tr\u1ef1c quan<\/h3>\n                    <picture><img decoding=\"async\" src=\"https:\/\/eeze.com\/wp-content\/uploads\/2024\/07\/Icon_4.svg\" class=\"attachment-full size-full\" alt=\"\" \/><\/picture>                <\/div>\n                <div class=\"services__content\">\n                    <p>Truy c\u1eadp d\u1eef li\u1ec7u l\u1ecbch s\u1eed v\u00e0 s\u1ed1 li\u1ec7u th\u1ed1ng k\u00ea hi\u1ec7u su\u1ea5t, \u0111\u1ed3ng th\u1eddi c\u00f3 \u0111\u01b0\u1ee3c nh\u1eefng th\u00f4ng tin c\u00f3 gi\u00e1 tr\u1ecb v\u1ec1 th\u00e0nh c\u00f4ng c\u1ee7a c\u00e1c s\u1ef1 ki\u1ec7n qu\u1ea3ng c\u00e1o.<\/p>                <\/div>\n            <\/div>\n                    <\/div>\n    <\/div>\n<\/section>\n<\/div>\n\n<div class=\"lazyblock-gamification-1fdyCP aos-fade wp-block-lazyblock-gamification\"><section class=\"wrap wrap--what wrap--gray\">\n    <div class=\"container\">\n        <div class=\"what what--elevate\">\n            <div class=\"what__left\">\n                <h2>N\u00e2ng t\u1ea7m Casino Tr\u1ef1c Ti\u1ebfp<\/h2>\n                <p>Ch\u00fang t\u00f4i \u0111\u1ea3m b\u1ea3o m\u1ed9t tr\u1ea3i nghi\u1ec7m gi\u1ea3i tr\u00ed kh\u00f3 qu\u00ean.<\/p>                <a href=\"\/vi\/live-casino-solutions\/\" class=\"btn\">T\u00ecm hi\u1ec3u th\u00eam<\/a>\n            <\/div>\n            <div class=\"what__right\">\n                <picture><img loading=\"lazy\" decoding=\"async\" width=\"586\" height=\"667\" src=\"https:\/\/eeze.com\/wp-content\/uploads\/2024\/07\/img-27.png\" class=\"attachment-full size-full\" alt=\"\" srcset=\"https:\/\/eeze.com\/wp-content\/uploads\/2024\/07\/img-27.png 586w, https:\/\/eeze.com\/wp-content\/uploads\/2024\/07\/img-27-264x300.png 264w\" sizes=\"auto, (max-width: 586px) 100vw, 586px\" \/><\/picture>            <\/div>\n        <\/div>\n    <\/div>\n<\/section>\n<\/div>","protected":false},"excerpt":{"rendered":"<p>Ch\u00e0o m\u1eebng b\u1ea1n \u0111\u1ebfn v\u1edbi th\u1ebf gi\u1edbi ti\u00ean ti\u1ebfn c\u1ee7a B\u1ed9 C\u00f4ng C\u1ee5 Tr\u00f2 Ch\u01a1i H\u00f3a t\u1eebng \u0111o\u1ea1t gi\u1ea3i th\u01b0\u1edfng c\u1ee7a ch\u00fang t\u00f4i, trong \u0111\u00f3 s\u1ef1 \u0111\u1ed5i m\u1edbi k\u1ebft h\u1ee3p v\u1edbi gi\u1ea3i tr\u00ed \u0111\u1ec3 \u0111\u1ecbnh ngh\u0129a l\u1ea1i tr\u1ea3i nghi\u1ec7m tr\u00f2 ch\u01a1i. <\/p>","protected":false},"author":1,"featured_media":0,"parent":0,"menu_order":0,"comment_status":"closed","ping_status":"closed","template":"inc\/main-page.php","meta":{"footnotes":""},"class_list":["post-128","page","type-page","status-publish","hentry"],"acf":[],"_links":{"self":[{"href":"https:\/\/eeze.com\/vi\/wp-json\/wp\/v2\/pages\/128","targetHints":{"allow":["GET"]}}],"collection":[{"href":"https:\/\/eeze.com\/vi\/wp-json\/wp\/v2\/pages"}],"about":[{"href":"https:\/\/eeze.com\/vi\/wp-json\/wp\/v2\/types\/page"}],"author":[{"embeddable":true,"href":"https:\/\/eeze.com\/vi\/wp-json\/wp\/v2\/users\/1"}],"replies":[{"embeddable":true,"href":"https:\/\/eeze.com\/vi\/wp-json\/wp\/v2\/comments?post=128"}],"version-history":[{"count":33,"href":"https:\/\/eeze.com\/vi\/wp-json\/wp\/v2\/pages\/128\/revisions"}],"predecessor-version":[{"id":1357,"href":"https:\/\/eeze.com\/vi\/wp-json\/wp\/v2\/pages\/128\/revisions\/1357"}],"wp:attachment":[{"href":"https:\/\/eeze.com\/vi\/wp-json\/wp\/v2\/media?parent=128"}],"curies":[{"name":"wp","href":"https:\/\/api.w.org\/{rel}","templated":true}]}}