{"id":106,"date":"2024-07-13T10:59:46","date_gmt":"2024-07-13T10:59:46","guid":{"rendered":"https:\/\/eeze.com\/?page_id=106"},"modified":"2026-04-09T09:12:28","modified_gmt":"2026-04-09T09:12:28","slug":"what-we-do","status":"publish","type":"page","link":"https:\/\/eeze.com\/vi\/what-we-do\/","title":{"rendered":"N\u00e2ng t\u1ea7m Casino Tr\u1ef1c Ti\u1ebfp"},"content":{"rendered":"<div class=\"lazyblock-image-hero-Z1djm1e wp-block-lazyblock-image-hero\"><section class=\"image-hero image--normal overlay--hide\">\n    <div class=\"image-hero__wrap left-image--show\">\n        <div class=\"container\">\n            <div class=\"image-hero__content\">\n                <h2>N\u00e2ng t\u1ea7m Casino Tr\u1ef1c Ti\u1ebfp<\/h2>\n                <p>Ch\u00fang t\u00f4i t\u1ef1 h\u00e0o l\u00e0 nh\u00e0 cung c\u1ea5p Casino Tr\u1ef1c Ti\u1ebfp th\u1ef1c s\u1ef1 h\u01b0\u1edbng \u0111\u1ebfn kh\u00e1ch h\u00e0ng. Ch\u00fang t\u00f4i lu\u00f4n n\u1ed7 l\u1ef1c h\u1ebft m\u00ecnh \u0111\u1ec3 gi\u00fap c\u00e1c \u0111\u1ed1i t\u00e1c th\u00e0nh c\u00f4ng.<\/p>\n                            <\/div>\n            <picture>\n                <source media=\"(min-width:768px)\" srcset=\"https:\/\/eeze.com\/wp-content\/uploads\/2024\/07\/img-28.png\">\n                <img decoding=\"async\" src=\"https:\/\/eeze.com\/wp-content\/uploads\/2024\/07\/img-28.png\" alt=\"\">\n            <\/picture>\n        <\/div>\n        <div class=\"scroll-action\"><a href=\"#second\" class=\"scroll-action__link\"><svg width=\"27\" height=\"40\" viewbox=\"0 0 27 40\" fill=\"none\" xmlns=\"http:\/\/www.w3.org\/2000\/svg\">\n                    <path fill-rule=\"evenodd\" clip-rule=\"evenodd\" d=\"M22.1426 28V12C22.1426 7.02944 18.1131 3 13.1426 3C8.17202 3 4.14258 7.02944 4.14258 12V28C4.14258 32.9706 8.17202 37 13.1426 37C18.1131 37 22.1426 32.9706 22.1426 28ZM13.1426 0C6.51516 0 1.14258 5.37258 1.14258 12V28C1.14258 34.6274 6.51516 40 13.1426 40C19.77 40 25.1426 34.6274 25.1426 28V12C25.1426 5.37258 19.77 0 13.1426 0Z\" fill=\"white\"><\/path>\n                    <path fill-rule=\"evenodd\" clip-rule=\"evenodd\" d=\"M13.1426 6.57141C14.2471 6.57141 15.1426 7.46684 15.1426 8.57141V14.2857C15.1426 15.3903 14.2471 16.2857 13.1426 16.2857C12.038 16.2857 11.1426 15.3903 11.1426 14.2857V8.57141C11.1426 7.46684 12.038 6.57141 13.1426 6.57141Z\" fill=\"white\" class=\"slide\"><\/path>\n                <\/svg><span>CU\u1ed8N<\/span><\/a>\n        <\/div>\n    <\/div>\n<\/section><\/div>\n\n<div class=\"lazyblock-what-choose-1Svykg aos-fade wp-block-lazyblock-what-choose\"><section class=\"wrap wrap--why\" id=\"second\">\n    <div class=\"container\">\n        <div class=\"title\">\n            <h2>Why Choose Eeze?<\/h2>\n            <p>At Eeze, we offer over 20 years of experience in the iGaming industry. We\u2019ve consistently lead the global iGaming market with our innovative, dynamic and diverse portfolio of betting solutions,<\/p>        <\/div>\n        <div class=\"wrap-why\">\n            <div class=\"why\">\n                                <div class=\"why__item\">\n                    <picture class=\"why__img\"><img loading=\"lazy\" decoding=\"async\" width=\"319\" height=\"321\" src=\"https:\/\/eeze.com\/wp-content\/uploads\/2024\/07\/img-29.png\" class=\"attachment-full size-full\" alt=\"\" srcset=\"https:\/\/eeze.com\/wp-content\/uploads\/2024\/07\/img-29.png 319w, https:\/\/eeze.com\/wp-content\/uploads\/2024\/07\/img-29-298x300.png 298w, https:\/\/eeze.com\/wp-content\/uploads\/2024\/07\/img-29-150x150.png 150w\" sizes=\"auto, (max-width: 319px) 100vw, 319px\" \/><\/picture>                    <div class=\"why__content\">\n                        <h3 class=\"why__title\">CASINO TR\u1ef0C TI\u1ebeP<\/h3>\n                        <div class=\"why__txt\">\n                            <p>M\u1ed9t l\u1ef1a ch\u1ecdn phong ph\u00fa v\u1edbi g\u1ea7n 60 b\u00e0n ch\u01a1i \u0111\u01b0\u1ee3c cung c\u1ea5p.<\/p>                        <\/div>\n                    <\/div>\n                <\/div>\n                                <div class=\"why__item\">\n                    <picture class=\"why__img\"><img loading=\"lazy\" decoding=\"async\" width=\"381\" height=\"321\" src=\"https:\/\/eeze.com\/wp-content\/uploads\/2024\/07\/img-30.png\" class=\"attachment-full size-full\" alt=\"\" srcset=\"https:\/\/eeze.com\/wp-content\/uploads\/2024\/07\/img-30.png 381w, https:\/\/eeze.com\/wp-content\/uploads\/2024\/07\/img-30-300x253.png 300w\" sizes=\"auto, (max-width: 381px) 100vw, 381px\" \/><\/picture>                    <div class=\"why__content\">\n                        <h3 class=\"why__title\">B\u1ed9 C\u00f4ng C\u1ee5 Tr\u00f2 Ch\u01a1i H\u00f3a<\/h3>\n                        <div class=\"why__txt\">\n                            <p>Chi\u1ebfn d\u1ecbch, Gi\u1ea3i \u0111\u1ea5u, Nhi\u1ec7m v\u1ee5 v\u00e0 B\u1ea3ng x\u1ebfp h\u1ea1ng.<\/p>                        <\/div>\n                    <\/div>\n                <\/div>\n                                <div class=\"why__item\">\n                    <picture class=\"why__img\"><img loading=\"lazy\" decoding=\"async\" width=\"410\" height=\"340\" src=\"https:\/\/eeze.com\/wp-content\/uploads\/2024\/07\/img-31.png\" class=\"attachment-full size-full\" alt=\"\" srcset=\"https:\/\/eeze.com\/wp-content\/uploads\/2024\/07\/img-31.png 410w, https:\/\/eeze.com\/wp-content\/uploads\/2024\/07\/img-31-300x249.png 300w\" sizes=\"auto, (max-width: 410px) 100vw, 410px\" \/><\/picture>                    <div class=\"why__content\">\n                        <h3 class=\"why__title\">Ch\u01b0\u01a1ng tr\u00ecnh t\u1ef1 ch\u1ecdn<\/h3>\n                        <div class=\"why__txt\">\n                            <p>Tr\u1ea3i nghi\u1ec7m iGaming \u0111\u1ea7u ti\u00ean cung c\u1ea5p m\u1ed9t ng\u01b0\u1eddi d\u1eabn ch\u01b0\u01a1ng tr\u00ecnh \u1ea3o trong m\u1ed9t b\u1ed1i c\u1ea3nh \u1ea3o.<\/p>                        <\/div>\n                    <\/div>\n                <\/div>\n                                <div class=\"why__item\">\n                    <picture class=\"why__img\"><img loading=\"lazy\" decoding=\"async\" width=\"776\" height=\"474\" src=\"https:\/\/eeze.com\/wp-content\/uploads\/2025\/01\/Sweepstakes.png\" class=\"attachment-full size-full\" alt=\"\" srcset=\"https:\/\/eeze.com\/wp-content\/uploads\/2025\/01\/Sweepstakes.png 776w, https:\/\/eeze.com\/wp-content\/uploads\/2025\/01\/Sweepstakes-300x183.png 300w, https:\/\/eeze.com\/wp-content\/uploads\/2025\/01\/Sweepstakes-768x469.png 768w, https:\/\/eeze.com\/wp-content\/uploads\/2025\/01\/Sweepstakes-18x12.png 18w\" sizes=\"auto, (max-width: 776px) 100vw, 776px\" \/><\/picture>                    <div class=\"why__content\">\n                        <h3 class=\"why__title\">Sweepstakes<\/h3>\n                        <div class=\"why__txt\">\n                                                    <\/div>\n                    <\/div>\n                <\/div>\n                                <div class=\"why__item\">\n                    <picture class=\"why__img\"><img loading=\"lazy\" decoding=\"async\" width=\"800\" height=\"554\" src=\"https:\/\/eeze.com\/wp-content\/uploads\/2025\/01\/Slots.png\" class=\"attachment-full size-full\" alt=\"\" srcset=\"https:\/\/eeze.com\/wp-content\/uploads\/2025\/01\/Slots.png 800w, https:\/\/eeze.com\/wp-content\/uploads\/2025\/01\/Slots-300x208.png 300w, https:\/\/eeze.com\/wp-content\/uploads\/2025\/01\/Slots-768x532.png 768w, https:\/\/eeze.com\/wp-content\/uploads\/2025\/01\/Slots-18x12.png 18w\" sizes=\"auto, (max-width: 800px) 100vw, 800px\" \/><\/picture>                    <div class=\"why__content\">\n                        <h3 class=\"why__title\">Kh\u00e1m ph\u00e1 s\u1ef1 h\u1ea5p d\u1eabn c\u1ee7a Eeze Slot<\/h3>\n                        <div class=\"why__txt\">\n                            <p>Quay v\u00ec h\u1ea5p d\u1eabn.<br \/>Quay \u0111\u1ec3 chi\u1ebfn th\u1eafng.<\/p>                        <\/div>\n                    <\/div>\n                <\/div>\n                                <div class=\"why__item\">\n                    <picture class=\"why__img\"><img loading=\"lazy\" decoding=\"async\" width=\"800\" height=\"554\" src=\"https:\/\/eeze.com\/wp-content\/uploads\/2025\/01\/Customisation.png\" class=\"attachment-full size-full\" alt=\"\" srcset=\"https:\/\/eeze.com\/wp-content\/uploads\/2025\/01\/Customisation.png 800w, https:\/\/eeze.com\/wp-content\/uploads\/2025\/01\/Customisation-300x208.png 300w, https:\/\/eeze.com\/wp-content\/uploads\/2025\/01\/Customisation-768x532.png 768w, https:\/\/eeze.com\/wp-content\/uploads\/2025\/01\/Customisation-18x12.png 18w\" sizes=\"auto, (max-width: 800px) 100vw, 800px\" \/><\/picture>                    <div class=\"why__content\">\n                        <h3 class=\"why__title\">Customisation<\/h3>\n                        <div class=\"why__txt\">\n                                                    <\/div>\n                    <\/div>\n                <\/div>\n                            <\/div>\n            <div class=\"more\"><a href=\"\/vi\/request-demo-access\/\" class=\"more__btn btn\">\u0110\u1eb6T L\u1ecaCH H\u1eb8N<\/a><\/div>\n        <\/div>\n    <\/div>\n<\/section>\n<\/div>\n\n<div class=\"lazyblock-what-fun-Z415bD aos-fade wp-block-lazyblock-what-fun\"><section class=\"wrap wrap--fun\">\n    <div class=\"container\">\n        <div class=\"wrap-fun\">\n            <div class=\"fun\">\n                <div class=\"fun__left\">\n                    <picture class=\"fun__img\"><img loading=\"lazy\" decoding=\"async\" width=\"1354\" height=\"960\" src=\"https:\/\/eeze.com\/wp-content\/uploads\/2025\/06\/casino_table_what_we_do_blackjack.png\" class=\"attachment-full size-full\" alt=\"\" srcset=\"https:\/\/eeze.com\/wp-content\/uploads\/2025\/06\/casino_table_what_we_do_blackjack.png 1354w, https:\/\/eeze.com\/wp-content\/uploads\/2025\/06\/casino_table_what_we_do_blackjack-300x213.png 300w, https:\/\/eeze.com\/wp-content\/uploads\/2025\/06\/casino_table_what_we_do_blackjack-1024x726.png 1024w, https:\/\/eeze.com\/wp-content\/uploads\/2025\/06\/casino_table_what_we_do_blackjack-768x545.png 768w, https:\/\/eeze.com\/wp-content\/uploads\/2025\/06\/casino_table_what_we_do_blackjack-18x12.png 18w\" sizes=\"auto, (max-width: 1354px) 100vw, 1354px\" \/><\/picture>                <\/div>\n                <div class=\"fun__right\">\n                    <h2><i>Ni\u1ec1m vui lu\u00f4n b\u1eaft \u0111\u1ea7u t\u1eeb b\u00e2y gi\u1edd<\/i><\/h2>\n                    <p>To be the trusted partner in elevating the entertainment experience in gaming Eeze\u2019s vision is to remain at the forefront of the iGaming Industry.<\/p>                <\/div>\n            <\/div>\n            <div class=\"wrap-at\">\n                <div class=\"at-title\">C\u00d3 T\u1ea0I<\/div>\n                <div class=\"at\">\n                                        <div class=\"at__item\">\n                        <picture class=\"at__img\" style=\"max-width: 174px;\"><img loading=\"lazy\" decoding=\"async\" width=\"168\" height=\"86\" src=\"https:\/\/eeze.com\/wp-content\/uploads\/2024\/07\/img-33.png\" class=\"attachment-full size-full\" alt=\"\" \/><\/picture>                    <\/div>\n                                        <div class=\"at__item\">\n                        <picture class=\"at__img\" style=\"max-width: 174px;\"><img loading=\"lazy\" decoding=\"async\" width=\"85\" height=\"75\" src=\"https:\/\/eeze.com\/wp-content\/uploads\/2024\/07\/img-34.png\" class=\"attachment-full size-full\" alt=\"\" \/><\/picture>                    <\/div>\n                                        <div class=\"at__item\">\n                        <picture class=\"at__img\" style=\"max-width: 174px;\"><a target=\"_blank\" href=\"https:\/\/cert.cga.cw\/token?id=1299\"><img loading=\"lazy\" decoding=\"async\" width=\"348\" height=\"141\" src=\"https:\/\/eeze.com\/wp-content\/uploads\/2026\/04\/Curacao-auth-logo-1.png\" class=\"attachment-full size-full\" alt=\"\" srcset=\"https:\/\/eeze.com\/wp-content\/uploads\/2026\/04\/Curacao-auth-logo-1.png 348w, https:\/\/eeze.com\/wp-content\/uploads\/2026\/04\/Curacao-auth-logo-1-300x122.png 300w, https:\/\/eeze.com\/wp-content\/uploads\/2026\/04\/Curacao-auth-logo-1-18x7.png 18w\" sizes=\"auto, (max-width: 348px) 100vw, 348px\" \/><\/a><\/picture>                    <\/div>\n                     <\/div> <\/div>\n        <\/div>\n    <\/div>\n<\/section>\n<\/div>","protected":false},"excerpt":{"rendered":"<p>Ch\u00fang t\u00f4i t\u1ef1 h\u00e0o l\u00e0 nh\u00e0 cung c\u1ea5p Casino Tr\u1ef1c Ti\u1ebfp th\u1ef1c s\u1ef1 h\u01b0\u1edbng \u0111\u1ebfn kh\u00e1ch h\u00e0ng. Ch\u00fang t\u00f4i lu\u00f4n n\u1ed7 l\u1ef1c h\u1ebft m\u00ecnh \u0111\u1ec3 gi\u00fap c\u00e1c \u0111\u1ed1i t\u00e1c th\u00e0nh c\u00f4ng.<\/p>","protected":false},"author":1,"featured_media":108,"parent":0,"menu_order":0,"comment_status":"closed","ping_status":"closed","template":"inc\/background-page.php","meta":{"footnotes":""},"class_list":["post-106","page","type-page","status-publish","has-post-thumbnail","hentry"],"acf":[],"_links":{"self":[{"href":"https:\/\/eeze.com\/vi\/wp-json\/wp\/v2\/pages\/106","targetHints":{"allow":["GET"]}}],"collection":[{"href":"https:\/\/eeze.com\/vi\/wp-json\/wp\/v2\/pages"}],"about":[{"href":"https:\/\/eeze.com\/vi\/wp-json\/wp\/v2\/types\/page"}],"author":[{"embeddable":true,"href":"https:\/\/eeze.com\/vi\/wp-json\/wp\/v2\/users\/1"}],"replies":[{"embeddable":true,"href":"https:\/\/eeze.com\/vi\/wp-json\/wp\/v2\/comments?post=106"}],"version-history":[{"count":23,"href":"https:\/\/eeze.com\/vi\/wp-json\/wp\/v2\/pages\/106\/revisions"}],"predecessor-version":[{"id":1405,"href":"https:\/\/eeze.com\/vi\/wp-json\/wp\/v2\/pages\/106\/revisions\/1405"}],"wp:featuredmedia":[{"embeddable":true,"href":"https:\/\/eeze.com\/vi\/wp-json\/wp\/v2\/media\/108"}],"wp:attachment":[{"href":"https:\/\/eeze.com\/vi\/wp-json\/wp\/v2\/media?parent=106"}],"curies":[{"name":"wp","href":"https:\/\/api.w.org\/{rel}","templated":true}]}}