{"id":1011,"date":"2025-05-27T19:13:14","date_gmt":"2025-05-27T19:13:14","guid":{"rendered":"https:\/\/eeze.com\/?page_id=1011"},"modified":"2025-06-23T07:20:46","modified_gmt":"2025-06-23T07:20:46","slug":"fusionroulette","status":"publish","type":"page","link":"https:\/\/eeze.com\/vi\/fusionroulette\/","title":{"rendered":"Fusion Roulette"},"content":{"rendered":"<div class=\"lazyblock-main-hero-28iTxP wp-block-lazyblock-main-hero\"><section class=\"wrap wrap--main overlay--hidden\" id=\"post-1011\">\n    <div class=\"container\">\n        <div class=\"main\">\n            <div class=\"main__left\">\n                                \n                            <\/div>\n        <\/div>\n        <div class=\"scroll-action\">\n            <a href=\"#second\" class=\"scroll-action__link\">\n                <svg width=\"27\" height=\"40\" viewbox=\"0 0 27 40\" fill=\"none\" xmlns=\"http:\/\/www.w3.org\/2000\/svg\">\n                    <path fill-rule=\"evenodd\" clip-rule=\"evenodd\" d=\"M22.1426 28V12C22.1426 7.02944 18.1131 3 13.1426 3C8.17202 3 4.14258 7.02944 4.14258 12V28C4.14258 32.9706 8.17202 37 13.1426 37C18.1131 37 22.1426 32.9706 22.1426 28ZM13.1426 0C6.51516 0 1.14258 5.37258 1.14258 12V28C1.14258 34.6274 6.51516 40 13.1426 40C19.77 40 25.1426 34.6274 25.1426 28V12C25.1426 5.37258 19.77 0 13.1426 0Z\" fill=\"white\" \/>\n                    <path fill-rule=\"evenodd\" clip-rule=\"evenodd\" d=\"M13.1426 6.57141C14.2471 6.57141 15.1426 7.46684 15.1426 8.57141V14.2857C15.1426 15.3903 14.2471 16.2857 13.1426 16.2857C12.038 16.2857 11.1426 15.3903 11.1426 14.2857V8.57141C11.1426 7.46684 12.038 6.57141 13.1426 6.57141Z\" fill=\"white\" class=\"slide\" \/>\n                <\/svg>\n                <span>CU\u1ed8N<\/span>\n            <\/a>\n        <\/div>\n    <\/div>\n\n    <div class=\"wp-block-video aos-zoom-out aos-init aos-animate\" data-aos=\"zoom-out\">\n        <video autoplay=\"\" loop=\"\" muted=\"\" src=\"https:\/\/eeze.com\/wp-content\/uploads\/2025\/05\/EEZE_ICE2025_FusionRoulette.mp4\" playsinline=\"\">\n        <\/video>\n    <\/div>\n\n<\/section><\/div>\n\n<div class=\"lazyblock-gamification-what-Z1Qbvbb wp-block-lazyblock-gamification-what\">\n<style>\n@media only screen and (min-width: 1000px) {\n  #second h2 {\n    font-weight: 300;\n    font-size: 64px;\n    line-height: 112%;\n    font-style: italic;\n    text-align: center;\n    max-width: 66%;\n    margin: 0 auto;\n    padding-bottom: 56px;\n  }\n  \n  #second p {\n    max-width: 750px;\n    margin: 0 auto;\n    text-align: center;\n    font-size: 18px;\n    line-height: 36px;\n  }\n}\n<\/style>\n<section class=\"wrap wrap--inline-content wrap--wh-bg\" id=\"second\">\n    <div class=\"container\">\n        <div class=\"inline-content\" style=\"flex-direction: column;\">\n            <div class=\"\">\n                <h2>M\u1ed9t chi\u1ec1u kh\u00f4ng gian m\u1edbi trong tr\u00f2 ch\u01a1i C\u00f2 quay tr\u1ef1c ti\u1ebfp<\/h2>\n            <\/div>\n            <div class=\"\">\n                <p>Fusion Roulette k\u1ebft h\u1ee3p gi\u1eefa tr\u00f2 ch\u01a1i C\u00f2 quay tr\u1ef1c ti\u1ebfp cao c\u1ea5p v\u00e0 l\u1ed1i ch\u01a1i ngo\u1ea1n m\u1ee5c \u0111\u01b0\u1ee3c h\u1ed7 tr\u1ee3 b\u1edfi C\u00f4ng ngh\u1ec7 Th\u1ef1c t\u1ebf T\u0103ng c\u01b0\u1eddng (AR),\nmang \u0111\u1ebfn tr\u1ea3i nghi\u1ec7m th\u1ebf h\u1ec7 m\u1edbi kh\u00f3 qu\u00ean cho ng\u01b0\u1eddi ch\u01a1i.<\/p>            <\/div>\n        <\/div>\n    <\/div>\n<\/section>\n<\/div>\n\n<div class=\"lazyblock-gamification-explore-2tDYiO wp-block-lazyblock-gamification-explore\">\n<style>\n@media only screen and (min-width: 1000px) {\n  .wrap--services .title h2 {    \n    font-weight: 300;\n    font-size: 56px;\n    line-height: 112%;\n    font-style: italic;\n    text-align: center;\n    max-width: 66%;\n    margin: 0 auto;\n    padding-bottom: 0;\n    \n  }\n  .wrap--services .services__title h3 {\n    font-size: 30px;\n    line-height: 125%;\n  }\n  \n  .wrap--services .services__title {\n    margin-bottom: 18px;\n  }\n  .wrap--services .title {\n     margin-bottom: 41px;\n  }\n   \n   .services__content {\n       max-width: 90%;\n   }\n  \n}\n<\/style>\n\n<section class=\"wrap wrap--services\">\n    <div class=\"container\">\n        <div class=\"title\">\n            <h2>Nh\u1eefng \u0111\u1ed5i m\u1edbi c\u1ed1t l\u00f5i \u0111\u1eb1ng sau tr\u1ea3i nghi\u1ec7m<\/h2>\n        <\/div>\n        <div class=\"services\">\n                        <div class=\"services__item\">\n                <div class=\"services__title\">\n                    <h3>H\u1ec7 s\u1ed1 nh\u00e2n gi\u00e1 tr\u1ecb cao<\/h3>\n                    <picture><img decoding=\"async\" src=\"https:\/\/eeze.com\/wp-content\/uploads\/2025\/05\/High-Value_Multipliers.svg\" class=\"attachment-full size-full\" alt=\"\" \/><\/picture>                <\/div>\n                <div class=\"services__content\">\n                    <p>M\u1ed7i v\u00f2ng ch\u01a1i, t\u1eeb 2 \u0111\u1ebfn 5 Fusion Numbers s\u1ebd cung c\u1ea5p h\u1ec7 s\u1ed1 nh\u00e2n c\u01b0\u1ee3c trong t\u1eeb 60x \u0111\u1ebfn 1500x, mang l\u1ea1i bi\u1ebfn \u0111\u1ed9ng h\u1ea5p d\u1eabn v\u00e0 ti\u1ec1m n\u0103ng tr\u00fang th\u01b0\u1edfng kh\u1ed5ng l\u1ed3.<\/p>                <\/div>\n            <\/div>\n                        <div class=\"services__item\">\n                <div class=\"services__title\">\n                    <h3>H\u00ecnh \u1ea3nh \u0111\u01b0\u1ee3c h\u1ed7 tr\u1ee3 b\u1edfi C\u00f4ng ngh\u1ec7 Th\u1ef1c t\u1ebf T\u0103ng c\u01b0\u1eddng<\/h3>\n                    <picture><img decoding=\"async\" src=\"https:\/\/eeze.com\/wp-content\/uploads\/2025\/05\/AR_Visuals-1.svg\" class=\"attachment-full size-full\" alt=\"\" \/><\/picture>                <\/div>\n                <div class=\"services__content\">\n                    <p>Fusion Roulette mang \u0111\u1ebfn h\u00ecnh \u1ea3nh \u0111\u1eadm ch\u1ea5t \u0111i\u1ec7n \u1ea3nh s\u1ed1ng \u0111\u1ed9ng c\u00f9ng m\u1ed9t studio c\u00f3 th\u1ec3 t\u00f9y ch\u1ec9nh ho\u00e0n to\u00e0n \u2013 cho ph\u00e9p c\u00e1 nh\u00e2n h\u00f3a giao di\u1ec7n ng\u01b0\u1eddi d\u00f9ng, ph\u00f4ng n\u1ec1n v\u00e0 hi\u1ec7u \u1ee9ng \u0111\u1ec3 ph\u00f9 h\u1ee3p v\u1edbi b\u1ea3n s\u1eafc c\u1ee7a b\u1ea1n v\u00e0 t\u0103ng c\u01b0\u1eddng m\u1ee9c \u0111\u1ed9 t\u01b0\u01a1ng t\u00e1c c\u1ee7a ng\u01b0\u1eddi ch\u01a1i ngay l\u1eadp t\u1ee9c.<\/p>                <\/div>\n            <\/div>\n                        <div class=\"services__item\">\n                <div class=\"services__title\">\n                    <h3>T\u00ednh linh ho\u1ea1t trong t\u00edch h\u1ee3p th\u01b0\u01a1ng hi\u1ec7u<\/h3>\n                    <picture><img decoding=\"async\" src=\"https:\/\/eeze.com\/wp-content\/uploads\/2025\/05\/Brand-Integration.svg\" class=\"attachment-full size-full\" alt=\"\" \/><\/picture>                <\/div>\n                <div class=\"services__content\">\n                    <p>Nh\u00e0 v\u1eadn h\u00e0nh c\u00f3 th\u1ec3 t\u00f9y ch\u1ec9nh studio, giao di\u1ec7n ng\u01b0\u1eddi d\u00f9ng v\u00e0 h\u00ecnh \u1ea3nh \u2013 bao g\u1ed3m c\u1ea3 c\u1ed5ng hi\u1ec3n th\u1ecb \u2013 \u0111\u1ea3m b\u1ea3o \u0111\u1ed3ng b\u1ed9 m\u01b0\u1ee3t m\u00e0 v\u1edbi b\u1ea3n s\u1eafc th\u01b0\u01a1ng hi\u1ec7u.<\/p>                <\/div>\n            <\/div>\n                        <div class=\"services__item\">\n                <div class=\"services__title\">\n                    <h3>T\u1ed1i \u01b0u h\u00f3a \u0111a n\u1ec1n t\u1ea3ng<\/h3>\n                    <picture><img decoding=\"async\" src=\"https:\/\/eeze.com\/wp-content\/uploads\/2025\/05\/Responsive.svg\" class=\"attachment-full size-full\" alt=\"\" \/><\/picture>                <\/div>\n                <div class=\"services__content\">\n                    <p>T\u01b0\u01a1ng th\u00edch ho\u00e0n to\u00e0n v\u1edbi thi\u1ebft b\u1ecb di \u0111\u1ed9ng, m\u00e1y t\u00ednh b\u1ea3ng v\u00e0 m\u00e1y t\u00ednh \u0111\u1ec3 b\u00e0n, \u0111i k\u00e8m \u0111i\u1ec1u khi\u1ec3n tr\u1ef1c quan v\u00e0 hi\u1ec7u su\u1ea5t m\u01b0\u1ee3t m\u00e0 tr\u00ean m\u1ecdi thi\u1ebft b\u1ecb.<\/p>                <\/div>\n            <\/div>\n                    <\/div>\n    <\/div>\n<\/section>\n<\/div>","protected":false},"excerpt":{"rendered":"","protected":false},"author":1,"featured_media":0,"parent":0,"menu_order":0,"comment_status":"closed","ping_status":"closed","template":"inc\/product.php","meta":{"footnotes":""},"class_list":["post-1011","page","type-page","status-publish","hentry"],"acf":[],"_links":{"self":[{"href":"https:\/\/eeze.com\/vi\/wp-json\/wp\/v2\/pages\/1011","targetHints":{"allow":["GET"]}}],"collection":[{"href":"https:\/\/eeze.com\/vi\/wp-json\/wp\/v2\/pages"}],"about":[{"href":"https:\/\/eeze.com\/vi\/wp-json\/wp\/v2\/types\/page"}],"author":[{"embeddable":true,"href":"https:\/\/eeze.com\/vi\/wp-json\/wp\/v2\/users\/1"}],"replies":[{"embeddable":true,"href":"https:\/\/eeze.com\/vi\/wp-json\/wp\/v2\/comments?post=1011"}],"version-history":[{"count":6,"href":"https:\/\/eeze.com\/vi\/wp-json\/wp\/v2\/pages\/1011\/revisions"}],"predecessor-version":[{"id":1056,"href":"https:\/\/eeze.com\/vi\/wp-json\/wp\/v2\/pages\/1011\/revisions\/1056"}],"wp:attachment":[{"href":"https:\/\/eeze.com\/vi\/wp-json\/wp\/v2\/media?parent=1011"}],"curies":[{"name":"wp","href":"https:\/\/api.w.org\/{rel}","templated":true}]}}