{"id":795,"date":"2025-01-09T15:51:14","date_gmt":"2025-01-09T15:51:14","guid":{"rendered":"https:\/\/eeze.com\/?page_id=795"},"modified":"2025-09-14T10:21:23","modified_gmt":"2025-09-14T10:21:23","slug":"slots","status":"publish","type":"page","link":"https:\/\/eeze.com\/es\/slots\/","title":{"rendered":"Descubre la emoci\u00f3n de las m\u00e1quinas tragaperras Eeze"},"content":{"rendered":"<div class=\"lazyblock-main-hero-28iTxP wp-block-lazyblock-main-hero\"><section class=\"wrap wrap--main overlay--hidden\" id=\"post-795\">\n    <div class=\"container\">\n        <div class=\"main\">\n            <div class=\"main__left\">\n                                \n                            <\/div>\n        <\/div>\n        <div class=\"scroll-action\">\n            <a href=\"#second\" class=\"scroll-action__link\">\n                <svg width=\"27\" height=\"40\" viewbox=\"0 0 27 40\" fill=\"none\" xmlns=\"http:\/\/www.w3.org\/2000\/svg\">\n                    <path fill-rule=\"evenodd\" clip-rule=\"evenodd\" d=\"M22.1426 28V12C22.1426 7.02944 18.1131 3 13.1426 3C8.17202 3 4.14258 7.02944 4.14258 12V28C4.14258 32.9706 8.17202 37 13.1426 37C18.1131 37 22.1426 32.9706 22.1426 28ZM13.1426 0C6.51516 0 1.14258 5.37258 1.14258 12V28C1.14258 34.6274 6.51516 40 13.1426 40C19.77 40 25.1426 34.6274 25.1426 28V12C25.1426 5.37258 19.77 0 13.1426 0Z\" fill=\"white\" \/>\n                    <path fill-rule=\"evenodd\" clip-rule=\"evenodd\" d=\"M13.1426 6.57141C14.2471 6.57141 15.1426 7.46684 15.1426 8.57141V14.2857C15.1426 15.3903 14.2471 16.2857 13.1426 16.2857C12.038 16.2857 11.1426 15.3903 11.1426 14.2857V8.57141C11.1426 7.46684 12.038 6.57141 13.1426 6.57141Z\" fill=\"white\" class=\"slide\" \/>\n                <\/svg>\n                <span>DESLIZAR<\/span>\n            <\/a>\n        <\/div>\n    <\/div>\n\n    <div class=\"wp-block-video aos-zoom-out aos-init aos-animate\" data-aos=\"zoom-out\">\n        <video autoplay=\"\" loop=\"\" muted=\"\" src=\"https:\/\/eeze.com\/wp-content\/uploads\/2025\/01\/EezeSlot.mp4\" playsinline=\"\">\n        <\/video>\n    <\/div>\n\n<\/section><\/div>\n\n<div class=\"lazyblock-gamification-what-Z1Qbvbb wp-block-lazyblock-gamification-what\">\n<style>\n@media only screen and (min-width: 1000px) {\n  #second h2 {\n    font-weight: 300;\n    font-size: 64px;\n    line-height: 112%;\n    font-style: italic;\n    text-align: center;\n    max-width: 66%;\n    margin: 0 auto;\n    padding-bottom: 56px;\n  }\n  \n  #second p {\n    max-width: 750px;\n    margin: 0 auto;\n    text-align: center;\n    font-size: 18px;\n    line-height: 36px;\n  }\n}\n<\/style>\n<section class=\"wrap wrap--inline-content wrap--wh-bg\" id=\"second\">\n    <div class=\"container\">\n        <div class=\"inline-content\" style=\"flex-direction: column;\">\n            <div class=\"\">\n                <h2>Funciones fascinantes que te atrapar\u00e1n<\/h2>\n            <\/div>\n            <div class=\"\">\n                <p>Nuestras tragaperras est\u00e1n dise\u00f1adas para ofrecer un mont\u00f3n de experiencias y satisfacer los gustos de todos nuestros jugadores.\nCada tirada se ha dise\u00f1ado para brindar una emoci\u00f3n sin precedentes, gracias a una din\u00e1mica de juego divertida, un potencial enorme de obtener premios y modelos matem\u00e1ticos innovadores.\nTrabajamos con nuestros socios para crear experiencias personalizadas que son un \u00e9xito asegurado.<\/p>            <\/div>\n        <\/div>\n    <\/div>\n<\/section>\n<\/div>\n\n<div class=\"lazyblock-gamification-explore-2tDYiO wp-block-lazyblock-gamification-explore\">\n<style>\n@media only screen and (min-width: 1000px) {\n  .wrap--services .title h2 {    \n    font-weight: 300;\n    font-size: 56px;\n    line-height: 112%;\n    font-style: italic;\n    text-align: center;\n    max-width: 66%;\n    margin: 0 auto;\n    padding-bottom: 0;\n    \n  }\n  .wrap--services .services__title h3 {\n    font-size: 30px;\n    line-height: 125%;\n  }\n  \n  .wrap--services .services__title {\n    margin-bottom: 18px;\n  }\n  .wrap--services .title {\n     margin-bottom: 41px;\n  }\n   \n   .services__content {\n       max-width: 90%;\n   }\n  \n}\n<\/style>\n\n<section class=\"wrap wrap--services\">\n    <div class=\"container\">\n        <div class=\"title\">\n            <h2>Mejora tu experiencia de juego<\/h2>\n        <\/div>\n        <div class=\"services\">\n                        <div class=\"services__item\">\n                <div class=\"services__title\">\n                    <h3>Desbloquea botes colosales y bonificaciones llenas de emoci\u00f3n<\/h3>\n                    <picture><img decoding=\"async\" src=\"https:\/\/eeze.com\/wp-content\/uploads\/2025\/03\/Bonus.svg\" class=\"attachment-full size-full\" alt=\"\" \/><\/picture>                <\/div>\n                <div class=\"services__content\">\n                    <p>\u00a1En cada juego te aguardan premios descomunales! Nuestras tragaperras incluyen botes progresivos que aumentan con cada tirada y botes fijos para quienes prefieren recompensas predecibles. Cada tirada es una oportunidad \u00fanica de conseguir el ansiado bote.<\/p>                <\/div>\n            <\/div>\n                        <div class=\"services__item\">\n                <div class=\"services__title\">\n                    <h3>Ludificaci\u00f3n (con la tecnolog\u00eda de Eeze+)<\/h3>\n                    <picture><img decoding=\"async\" src=\"https:\/\/eeze.com\/wp-content\/uploads\/2025\/01\/Icon_Eeze-Plus.svg\" class=\"attachment-full size-full\" alt=\"\" \/><\/picture>                <\/div>\n                <div class=\"services__content\">\n                    <p>Nuestras funciones de ludificaci\u00f3n transforman cada partida en una experiencia promocional y de fidelizaci\u00f3n.\nEstas herramientas, que incluyen desde tablas de clasificaci\u00f3n hasta misiones, despiertan el inter\u00e9s de los jugadores que siempre vuelven a por m\u00e1s, lo que ayuda a los operadores a mejorar la retenci\u00f3n de jugadores y a crear comunidades fuertes y vibrantes.<\/p>                <\/div>\n            <\/div>\n                        <div class=\"services__item\">\n                <div class=\"services__title\">\n                    <h3>Contenido localizado<\/h3>\n                    <picture><img decoding=\"async\" src=\"https:\/\/eeze.com\/wp-content\/uploads\/2025\/03\/Localised-Content.svg\" class=\"attachment-full size-full\" alt=\"\" \/><\/picture>                <\/div>\n                <div class=\"services__content\">\n                    <p>Nos dirigimos directamente a los jugadores, est\u00e9n donde est\u00e9n.\nUsamos temas e idiomas adaptados para crear una sensaci\u00f3n de familiaridad al mismo tiempo que ayudamos a los operadores a desbloquear mercados nuevos sin esfuerzo.<\/p>                <\/div>\n            <\/div>\n                        <div class=\"services__item\">\n                <div class=\"services__title\">\n                    <h3>Comprar funci\u00f3n<\/h3>\n                    <picture><img decoding=\"async\" src=\"https:\/\/eeze.com\/wp-content\/uploads\/2025\/03\/Buy-Features.svg\" class=\"attachment-full size-full\" alt=\"\" \/><\/picture>                <\/div>\n                <div class=\"services__content\">\n                    <p>Presentamos una funci\u00f3n de compra que permite a los jugadores acceder al centro de la acci\u00f3n de forma instant\u00e1nea. Es popular entre los jugadores que prefieren giros m\u00e1s vol\u00e1tiles.<\/p>                <\/div>\n            <\/div>\n                    <\/div>\n    <\/div>\n<\/section>\n<\/div>\n\n<div class=\"lazyblock-home-ready-1gpwFh aos-fade wp-block-lazyblock-home-ready\"><section class=\"wrap wrap--ready wrap--purple wrap--no-top-bg\" >\n    <div class=\"container\">\n        <div class=\"ready\">\n            <div class=\"ready__left\">\n                <h2>\u00a1Las tragamonedas ya est\u00e1n aqu\u00ed!<\/h2>\n                <p>Gira los carretes y gana la emoci\u00f3n.<\/p>                             <\/div>\n            <div class=\"ready__right\">\n               <picture>\n      <source srcset=\"https:\/\/eeze.com\/wp-content\/uploads\/2025\/03\/Slots.png\" media=\"(min-width: 767px)\">\n    <img decoding=\"async\" src=\"https:\/\/eeze.com\/wp-content\/uploads\/2025\/03\/Slots_mobile.png\">\n<\/picture>\n            <\/div>\n        <\/div>\n    <\/div>\n<\/section>\n<\/div>","protected":false},"excerpt":{"rendered":"","protected":false},"author":1,"featured_media":0,"parent":0,"menu_order":0,"comment_status":"closed","ping_status":"closed","template":"inc\/product.php","meta":{"footnotes":""},"class_list":["post-795","page","type-page","status-publish","hentry"],"acf":[],"_links":{"self":[{"href":"https:\/\/eeze.com\/es\/wp-json\/wp\/v2\/pages\/795","targetHints":{"allow":["GET"]}}],"collection":[{"href":"https:\/\/eeze.com\/es\/wp-json\/wp\/v2\/pages"}],"about":[{"href":"https:\/\/eeze.com\/es\/wp-json\/wp\/v2\/types\/page"}],"author":[{"embeddable":true,"href":"https:\/\/eeze.com\/es\/wp-json\/wp\/v2\/users\/1"}],"replies":[{"embeddable":true,"href":"https:\/\/eeze.com\/es\/wp-json\/wp\/v2\/comments?post=795"}],"version-history":[{"count":21,"href":"https:\/\/eeze.com\/es\/wp-json\/wp\/v2\/pages\/795\/revisions"}],"predecessor-version":[{"id":1162,"href":"https:\/\/eeze.com\/es\/wp-json\/wp\/v2\/pages\/795\/revisions\/1162"}],"wp:attachment":[{"href":"https:\/\/eeze.com\/es\/wp-json\/wp\/v2\/media?parent=795"}],"curies":[{"name":"wp","href":"https:\/\/api.w.org\/{rel}","templated":true}]}}