{"id":78,"date":"2024-07-13T09:57:32","date_gmt":"2024-07-13T09:57:32","guid":{"rendered":"https:\/\/eeze.com\/?page_id=78"},"modified":"2025-08-14T10:13:50","modified_gmt":"2025-08-14T10:13:50","slug":"contact-us","status":"publish","type":"page","link":"https:\/\/eeze.com\/es\/contact-us\/","title":{"rendered":"Contacte con nosotros"},"content":{"rendered":"<div class=\"lazyblock-contacts-data-ZSiMlM aos-fade wp-block-lazyblock-contacts-data\"><section class=\"wrap wrap--contacts wrap--purple-reverse\">\r\n    <div class=\"container\">\r\n        <div class=\"contacts\">\r\n                        <a href=\"mailto:sales@eeze.com\" class=\"contacts__item\">\r\n                <div class=\"contacts__title\">VENTAS<\/div>\r\n                <div class=\"contacts__content\">sales@eeze.com<\/div>\r\n            <\/a>\r\n                        <a href=\"mailto:livejobs@eeze.com\" class=\"contacts__item\">\r\n                <div class=\"contacts__title\">CAREERS<\/div>\r\n                <div class=\"contacts__content\">livejobs@eeze.com<\/div>\r\n            <\/a>\r\n                    <\/div>\r\n        <div class=\"title title--center\">\r\n            <h2>\u2028<span>Juguemos<\/span>s play together.<\/h2>\r\n        <\/div>\r\n    <\/div>\r\n<\/section><\/div>\n\n<div class=\"lazyblock-contacts-text-Z2dfLzo aos-fade wp-block-lazyblock-contacts-text\"><div class=\"wrap wrap--play\">\r\n    <div class=\"container\">\r\n        <div class=\"play\">\r\n            <p>Eeze Entertainment Limited is an independent and innovative iGaming platform provider with a global presence. Headquartered on the beautiful island of Malta, which is widely recognized as Europe&#8217;s primary gaming hub, we also maintain key operational offices in London and Romania. Our dedicated team of over 400 professionals is committed to developing and delivering cutting-edge gaming solutions for our partners worldwide. Our Malta address is as follows:<\/p>\n<p>CENTRAL BUSINESS DISTRICT AG BUILDING, TRIQ L-IMDINA ZONE 2, Birkirkara CBD 201, Malta<\/p>            <div class=\"companies\">\r\n                                <div class=\"companies__item\">\r\n                    <picture  class=\"companies__img\"><img decoding=\"async\" src=\"https:\/\/eeze.com\/wp-content\/uploads\/2025\/08\/logo-dark.svg\" class=\"attachment-full size-full\" alt=\"\" \/><\/picture>                <\/div>\r\n                            <\/div>\r\n        <\/div>\r\n    <\/div>\r\n<\/div>\r\n<\/div>","protected":false},"excerpt":{"rendered":"<p>Creemos que cada interacci\u00f3n es una oportunidad para la innovaci\u00f3n, la colaboraci\u00f3n y la excelencia en el juego.<\/p>","protected":false},"author":1,"featured_media":0,"parent":0,"menu_order":0,"comment_status":"closed","ping_status":"closed","template":"inc\/contacts.php","meta":{"footnotes":""},"class_list":["post-78","page","type-page","status-publish","hentry"],"acf":[],"_links":{"self":[{"href":"https:\/\/eeze.com\/es\/wp-json\/wp\/v2\/pages\/78","targetHints":{"allow":["GET"]}}],"collection":[{"href":"https:\/\/eeze.com\/es\/wp-json\/wp\/v2\/pages"}],"about":[{"href":"https:\/\/eeze.com\/es\/wp-json\/wp\/v2\/types\/page"}],"author":[{"embeddable":true,"href":"https:\/\/eeze.com\/es\/wp-json\/wp\/v2\/users\/1"}],"replies":[{"embeddable":true,"href":"https:\/\/eeze.com\/es\/wp-json\/wp\/v2\/comments?post=78"}],"version-history":[{"count":30,"href":"https:\/\/eeze.com\/es\/wp-json\/wp\/v2\/pages\/78\/revisions"}],"predecessor-version":[{"id":1099,"href":"https:\/\/eeze.com\/es\/wp-json\/wp\/v2\/pages\/78\/revisions\/1099"}],"wp:attachment":[{"href":"https:\/\/eeze.com\/es\/wp-json\/wp\/v2\/media?parent=78"}],"curies":[{"name":"wp","href":"https:\/\/api.w.org\/{rel}","templated":true}]}}