{"id":106,"date":"2024-07-13T10:59:46","date_gmt":"2024-07-13T10:59:46","guid":{"rendered":"https:\/\/eeze.com\/?page_id=106"},"modified":"2026-04-09T09:12:28","modified_gmt":"2026-04-09T09:12:28","slug":"what-we-do","status":"publish","type":"page","link":"https:\/\/eeze.com\/es\/what-we-do\/","title":{"rendered":"Lleve su casino en vivo a otro nivel"},"content":{"rendered":"<div class=\"lazyblock-image-hero-Z1djm1e wp-block-lazyblock-image-hero\"><section class=\"image-hero image--normal overlay--hide\">\n    <div class=\"image-hero__wrap left-image--show\">\n        <div class=\"container\">\n            <div class=\"image-hero__content\">\n                <h2>Lleve su casino en vivo a otro nivel<\/h2>\n                <p>Nos enorgullecemos de ser un proveedor de casino en vivo realmente orientado al cliente. Siempre vamos m\u00e1s all\u00e1 para asegurar el \u00e9xito de nuestros socios.<\/p>\n                            <\/div>\n            <picture>\n                <source media=\"(min-width:768px)\" srcset=\"https:\/\/eeze.com\/wp-content\/uploads\/2024\/07\/img-28.png\">\n                <img decoding=\"async\" src=\"https:\/\/eeze.com\/wp-content\/uploads\/2024\/07\/img-28.png\" alt=\"\">\n            <\/picture>\n        <\/div>\n        <div class=\"scroll-action\"><a href=\"#second\" class=\"scroll-action__link\"><svg width=\"27\" height=\"40\" viewbox=\"0 0 27 40\" fill=\"none\" xmlns=\"http:\/\/www.w3.org\/2000\/svg\">\n                    <path fill-rule=\"evenodd\" clip-rule=\"evenodd\" d=\"M22.1426 28V12C22.1426 7.02944 18.1131 3 13.1426 3C8.17202 3 4.14258 7.02944 4.14258 12V28C4.14258 32.9706 8.17202 37 13.1426 37C18.1131 37 22.1426 32.9706 22.1426 28ZM13.1426 0C6.51516 0 1.14258 5.37258 1.14258 12V28C1.14258 34.6274 6.51516 40 13.1426 40C19.77 40 25.1426 34.6274 25.1426 28V12C25.1426 5.37258 19.77 0 13.1426 0Z\" fill=\"white\"><\/path>\n                    <path fill-rule=\"evenodd\" clip-rule=\"evenodd\" d=\"M13.1426 6.57141C14.2471 6.57141 15.1426 7.46684 15.1426 8.57141V14.2857C15.1426 15.3903 14.2471 16.2857 13.1426 16.2857C12.038 16.2857 11.1426 15.3903 11.1426 14.2857V8.57141C11.1426 7.46684 12.038 6.57141 13.1426 6.57141Z\" fill=\"white\" class=\"slide\"><\/path>\n                <\/svg><span>DESLIZAR<\/span><\/a>\n        <\/div>\n    <\/div>\n<\/section><\/div>\n\n<div class=\"lazyblock-what-choose-1Svykg aos-fade wp-block-lazyblock-what-choose\"><section class=\"wrap wrap--why\" id=\"second\">\n    <div class=\"container\">\n        <div class=\"title\">\n            <h2>Why Choose Eeze?<\/h2>\n            <p>At Eeze, we offer over 20 years of experience in the iGaming industry. We\u2019ve consistently lead the global iGaming market with our innovative, dynamic and diverse portfolio of betting solutions,<\/p>        <\/div>\n        <div class=\"wrap-why\">\n            <div class=\"why\">\n                                <div class=\"why__item\">\n                    <picture class=\"why__img\"><img loading=\"lazy\" decoding=\"async\" width=\"319\" height=\"321\" src=\"https:\/\/eeze.com\/wp-content\/uploads\/2024\/07\/img-29.png\" class=\"attachment-full size-full\" alt=\"\" srcset=\"https:\/\/eeze.com\/wp-content\/uploads\/2024\/07\/img-29.png 319w, https:\/\/eeze.com\/wp-content\/uploads\/2024\/07\/img-29-298x300.png 298w, https:\/\/eeze.com\/wp-content\/uploads\/2024\/07\/img-29-150x150.png 150w\" sizes=\"auto, (max-width: 319px) 100vw, 319px\" \/><\/picture>                    <div class=\"why__content\">\n                        <h3 class=\"why__title\">Casino en vivo<\/h3>\n                        <div class=\"why__txt\">\n                            <p>Una gran selecci\u00f3n de cerca de 60 juegos de mesa.<\/p>                        <\/div>\n                    <\/div>\n                <\/div>\n                                <div class=\"why__item\">\n                    <picture class=\"why__img\"><img loading=\"lazy\" decoding=\"async\" width=\"381\" height=\"321\" src=\"https:\/\/eeze.com\/wp-content\/uploads\/2024\/07\/img-30.png\" class=\"attachment-full size-full\" alt=\"\" srcset=\"https:\/\/eeze.com\/wp-content\/uploads\/2024\/07\/img-30.png 381w, https:\/\/eeze.com\/wp-content\/uploads\/2024\/07\/img-30-300x253.png 300w\" sizes=\"auto, (max-width: 381px) 100vw, 381px\" \/><\/picture>                    <div class=\"why__content\">\n                        <h3 class=\"why__title\">Suite de gamificaci\u00f3n<\/h3>\n                        <div class=\"why__txt\">\n                            <p>Campa\u00f1as, Torneos, Misiones y Tablas de clasificaci\u00f3n.<\/p>                        <\/div>\n                    <\/div>\n                <\/div>\n                                <div class=\"why__item\">\n                    <picture class=\"why__img\"><img loading=\"lazy\" decoding=\"async\" width=\"410\" height=\"340\" src=\"https:\/\/eeze.com\/wp-content\/uploads\/2024\/07\/img-31.png\" class=\"attachment-full size-full\" alt=\"\" srcset=\"https:\/\/eeze.com\/wp-content\/uploads\/2024\/07\/img-31.png 410w, https:\/\/eeze.com\/wp-content\/uploads\/2024\/07\/img-31-300x249.png 300w\" sizes=\"auto, (max-width: 410px) 100vw, 410px\" \/><\/picture>                    <div class=\"why__content\">\n                        <h3 class=\"why__title\">Espect\u00e1culos personalizados<\/h3>\n                        <div class=\"why__txt\">\n                            <p>La primera experiencia de juego online que ofrece un presentador virtual en un escenario virtual.<\/p>                        <\/div>\n                    <\/div>\n                <\/div>\n                                <div class=\"why__item\">\n                    <picture class=\"why__img\"><img loading=\"lazy\" decoding=\"async\" width=\"776\" height=\"474\" src=\"https:\/\/eeze.com\/wp-content\/uploads\/2025\/01\/Sweepstakes.png\" class=\"attachment-full size-full\" alt=\"\" srcset=\"https:\/\/eeze.com\/wp-content\/uploads\/2025\/01\/Sweepstakes.png 776w, https:\/\/eeze.com\/wp-content\/uploads\/2025\/01\/Sweepstakes-300x183.png 300w, https:\/\/eeze.com\/wp-content\/uploads\/2025\/01\/Sweepstakes-768x469.png 768w, https:\/\/eeze.com\/wp-content\/uploads\/2025\/01\/Sweepstakes-18x12.png 18w\" sizes=\"auto, (max-width: 776px) 100vw, 776px\" \/><\/picture>                    <div class=\"why__content\">\n                        <h3 class=\"why__title\">Sweepstakes<\/h3>\n                        <div class=\"why__txt\">\n                                                    <\/div>\n                    <\/div>\n                <\/div>\n                                <div class=\"why__item\">\n                    <picture class=\"why__img\"><img loading=\"lazy\" decoding=\"async\" width=\"800\" height=\"554\" src=\"https:\/\/eeze.com\/wp-content\/uploads\/2025\/01\/Slots.png\" class=\"attachment-full size-full\" alt=\"\" srcset=\"https:\/\/eeze.com\/wp-content\/uploads\/2025\/01\/Slots.png 800w, https:\/\/eeze.com\/wp-content\/uploads\/2025\/01\/Slots-300x208.png 300w, https:\/\/eeze.com\/wp-content\/uploads\/2025\/01\/Slots-768x532.png 768w, https:\/\/eeze.com\/wp-content\/uploads\/2025\/01\/Slots-18x12.png 18w\" sizes=\"auto, (max-width: 800px) 100vw, 800px\" \/><\/picture>                    <div class=\"why__content\">\n                        <h3 class=\"why__title\">Descubre la emoci\u00f3n de las m\u00e1quinas tragaperras Eeze<\/h3>\n                        <div class=\"why__txt\">\n                            <p>Tira para disfrutar de toda la emoci\u00f3n.<br \/>Tira para ganar.<\/p>                        <\/div>\n                    <\/div>\n                <\/div>\n                                <div class=\"why__item\">\n                    <picture class=\"why__img\"><img loading=\"lazy\" decoding=\"async\" width=\"800\" height=\"554\" src=\"https:\/\/eeze.com\/wp-content\/uploads\/2025\/01\/Customisation.png\" class=\"attachment-full size-full\" alt=\"\" srcset=\"https:\/\/eeze.com\/wp-content\/uploads\/2025\/01\/Customisation.png 800w, https:\/\/eeze.com\/wp-content\/uploads\/2025\/01\/Customisation-300x208.png 300w, https:\/\/eeze.com\/wp-content\/uploads\/2025\/01\/Customisation-768x532.png 768w, https:\/\/eeze.com\/wp-content\/uploads\/2025\/01\/Customisation-18x12.png 18w\" sizes=\"auto, (max-width: 800px) 100vw, 800px\" \/><\/picture>                    <div class=\"why__content\">\n                        <h3 class=\"why__title\">Customisation<\/h3>\n                        <div class=\"why__txt\">\n                                                    <\/div>\n                    <\/div>\n                <\/div>\n                            <\/div>\n            <div class=\"more\"><a href=\"\/es\/request-demo-access\/\" class=\"more__btn btn\">SOLICITE UNA REUNI\u00d3N<\/a><\/div>\n        <\/div>\n    <\/div>\n<\/section>\n<\/div>\n\n<div class=\"lazyblock-what-fun-Z415bD aos-fade wp-block-lazyblock-what-fun\"><section class=\"wrap wrap--fun\">\n    <div class=\"container\">\n        <div class=\"wrap-fun\">\n            <div class=\"fun\">\n                <div class=\"fun__left\">\n                    <picture class=\"fun__img\"><img loading=\"lazy\" decoding=\"async\" width=\"1354\" height=\"960\" src=\"https:\/\/eeze.com\/wp-content\/uploads\/2025\/06\/casino_table_what_we_do_blackjack.png\" class=\"attachment-full size-full\" alt=\"\" srcset=\"https:\/\/eeze.com\/wp-content\/uploads\/2025\/06\/casino_table_what_we_do_blackjack.png 1354w, https:\/\/eeze.com\/wp-content\/uploads\/2025\/06\/casino_table_what_we_do_blackjack-300x213.png 300w, https:\/\/eeze.com\/wp-content\/uploads\/2025\/06\/casino_table_what_we_do_blackjack-1024x726.png 1024w, https:\/\/eeze.com\/wp-content\/uploads\/2025\/06\/casino_table_what_we_do_blackjack-768x545.png 768w, https:\/\/eeze.com\/wp-content\/uploads\/2025\/06\/casino_table_what_we_do_blackjack-18x12.png 18w\" sizes=\"auto, (max-width: 1354px) 100vw, 1354px\" \/><\/picture>                <\/div>\n                <div class=\"fun__right\">\n                    <h2><i>La diversi\u00f3n comienza ahora<\/i><\/h2>\n                    <p>To be the trusted partner in elevating the entertainment experience in gaming Eeze\u2019s vision is to remain at the forefront of the iGaming Industry.<\/p>                <\/div>\n            <\/div>\n            <div class=\"wrap-at\">\n                <div class=\"at-title\">DISPONIBLE EN<\/div>\n                <div class=\"at\">\n                                        <div class=\"at__item\">\n                        <picture class=\"at__img\" style=\"max-width: 174px;\"><img loading=\"lazy\" decoding=\"async\" width=\"168\" height=\"86\" src=\"https:\/\/eeze.com\/wp-content\/uploads\/2024\/07\/img-33.png\" class=\"attachment-full size-full\" alt=\"\" \/><\/picture>                    <\/div>\n                                        <div class=\"at__item\">\n                        <picture class=\"at__img\" style=\"max-width: 174px;\"><img loading=\"lazy\" decoding=\"async\" width=\"85\" height=\"75\" src=\"https:\/\/eeze.com\/wp-content\/uploads\/2024\/07\/img-34.png\" class=\"attachment-full size-full\" alt=\"\" \/><\/picture>                    <\/div>\n                                        <div class=\"at__item\">\n                        <picture class=\"at__img\" style=\"max-width: 174px;\"><a target=\"_blank\" href=\"https:\/\/cert.cga.cw\/token?id=1299\"><img loading=\"lazy\" decoding=\"async\" width=\"348\" height=\"141\" src=\"https:\/\/eeze.com\/wp-content\/uploads\/2026\/04\/Curacao-auth-logo-1.png\" class=\"attachment-full size-full\" alt=\"\" srcset=\"https:\/\/eeze.com\/wp-content\/uploads\/2026\/04\/Curacao-auth-logo-1.png 348w, https:\/\/eeze.com\/wp-content\/uploads\/2026\/04\/Curacao-auth-logo-1-300x122.png 300w, https:\/\/eeze.com\/wp-content\/uploads\/2026\/04\/Curacao-auth-logo-1-18x7.png 18w\" sizes=\"auto, (max-width: 348px) 100vw, 348px\" \/><\/a><\/picture>                    <\/div>\n                     <\/div> <\/div>\n        <\/div>\n    <\/div>\n<\/section>\n<\/div>","protected":false},"excerpt":{"rendered":"<p>Nos enorgullecemos de ser un proveedor de casino en vivo realmente orientado al cliente. Siempre vamos m\u00e1s all\u00e1 para asegurar el \u00e9xito de nuestros socios.<\/p>","protected":false},"author":1,"featured_media":108,"parent":0,"menu_order":0,"comment_status":"closed","ping_status":"closed","template":"inc\/background-page.php","meta":{"footnotes":""},"class_list":["post-106","page","type-page","status-publish","has-post-thumbnail","hentry"],"acf":[],"_links":{"self":[{"href":"https:\/\/eeze.com\/es\/wp-json\/wp\/v2\/pages\/106","targetHints":{"allow":["GET"]}}],"collection":[{"href":"https:\/\/eeze.com\/es\/wp-json\/wp\/v2\/pages"}],"about":[{"href":"https:\/\/eeze.com\/es\/wp-json\/wp\/v2\/types\/page"}],"author":[{"embeddable":true,"href":"https:\/\/eeze.com\/es\/wp-json\/wp\/v2\/users\/1"}],"replies":[{"embeddable":true,"href":"https:\/\/eeze.com\/es\/wp-json\/wp\/v2\/comments?post=106"}],"version-history":[{"count":23,"href":"https:\/\/eeze.com\/es\/wp-json\/wp\/v2\/pages\/106\/revisions"}],"predecessor-version":[{"id":1405,"href":"https:\/\/eeze.com\/es\/wp-json\/wp\/v2\/pages\/106\/revisions\/1405"}],"wp:featuredmedia":[{"embeddable":true,"href":"https:\/\/eeze.com\/es\/wp-json\/wp\/v2\/media\/108"}],"wp:attachment":[{"href":"https:\/\/eeze.com\/es\/wp-json\/wp\/v2\/media?parent=106"}],"curies":[{"name":"wp","href":"https:\/\/api.w.org\/{rel}","templated":true}]}}